{"id":1015,"date":"2026-03-08T20:09:12","date_gmt":"2026-03-08T20:09:12","guid":{"rendered":"https:\/\/enterthelagware.com\/?page_id=1015"},"modified":"2026-03-09T22:34:08","modified_gmt":"2026-03-09T22:34:08","slug":"music-sound-design-for-documentaries","status":"publish","type":"page","link":"https:\/\/enterthelagware.com\/en\/music-sound-design-for-documentaries\/","title":{"rendered":"Music &amp; Sound Design for Documentaries"},"content":{"rendered":"<div data-elementor-type=\"wp-page\" data-elementor-id=\"1015\" class=\"elementor elementor-1015\">\n\t\t\t\t<div class=\"elementor-element elementor-element-c14e93b e-flex e-con-boxed e-con e-parent\" data-id=\"c14e93b\" data-element_type=\"container\" data-e-type=\"container\">\n\t\t\t\t\t<div class=\"e-con-inner\">\n\t\t\t\t<div class=\"elementor-element elementor-element-f1bea37 elementor-widget elementor-widget-heading\" data-id=\"f1bea37\" data-element_type=\"widget\" data-e-type=\"widget\" data-widget_type=\"heading.default\">\n\t\t\t\t\t<h1 class=\"elementor-heading-title elementor-size-default\">Music and Sound Design for Documentaries<\/h1>\t\t\t\t<\/div>\n\t\t\t\t\t<\/div>\n\t\t\t\t<\/div>\n\t\t<div class=\"elementor-element elementor-element-3703059 e-con-full e-flex e-con e-child\" data-id=\"3703059\" data-element_type=\"container\" data-e-type=\"container\">\n\t\t\t\t<div class=\"elementor-element elementor-element-56e890c elementor-invisible elementor-widget elementor-widget-heading\" data-id=\"56e890c\" data-element_type=\"widget\" data-e-type=\"widget\" data-settings=\"{&quot;_animation&quot;:&quot;fadeInDown&quot;}\" data-widget_type=\"heading.default\">\n\t\t\t\t\t<h2 class=\"elementor-heading-title elementor-size-default\">Two Huskies in the Desert <span style=\"font-size: 2rem\">(Spec. Project)<\/span><span style=\"font-size: 2rem\"><\/span><br><\/h2>\t\t\t\t<\/div>\n\t\t\t\t<div class=\"elementor-element elementor-element-c96ffda elementor-invisible elementor-widget elementor-widget-heading\" data-id=\"c96ffda\" data-element_type=\"widget\" data-e-type=\"widget\" data-settings=\"{&quot;_animation&quot;:&quot;fadeInUp&quot;}\" data-widget_type=\"heading.default\">\n\t\t\t\t\t<h3 class=\"elementor-heading-title elementor-size-default\">Music by Josal Fern\u00e1ndez<\/h3>\t\t\t\t<\/div>\n\t\t\t\t<\/div>\n\t\t<div class=\"elementor-element elementor-element-e77e368 e-flex e-con-boxed e-con e-parent\" data-id=\"e77e368\" data-element_type=\"container\" data-e-type=\"container\">\n\t\t\t\t\t<div class=\"e-con-inner\">\n\t\t<div class=\"elementor-element elementor-element-7333f74 e-con-full e-flex e-con e-child\" data-id=\"7333f74\" data-element_type=\"container\" data-e-type=\"container\">\n\t\t<div class=\"elementor-element elementor-element-3dcd629 e-flex e-con-boxed e-con e-child\" data-id=\"3dcd629\" data-element_type=\"container\" data-e-type=\"container\">\n\t\t\t\t\t<div class=\"e-con-inner\">\n\t\t\t\t<div class=\"elementor-element elementor-element-8ae4b57 elementor-widget elementor-widget-text-editor\" data-id=\"8ae4b57\" data-element_type=\"widget\" data-e-type=\"widget\" data-widget_type=\"text-editor.default\">\n\t\t\t\t\t\t\t\t\t<p><span style=\"font-weight: 400;\">Do you remember that documentary with two Husky puppies playing in the desert?<\/span><\/p><p><span style=\"font-weight: 400;\">Yeah, me neither... <\/span><\/p><p><span style=\"font-weight: 400;\">But it sounds great!<\/span><\/p><p><strong>(AI-generated video footage for demonstration purposes)<\/strong><\/p>\t\t\t\t\t\t\t\t<\/div>\n\t\t\t\t\t<\/div>\n\t\t\t\t<\/div>\n\t\t\t\t<div class=\"elementor-element elementor-element-c5304ac elementor-align-center elementor-widget elementor-widget-button\" data-id=\"c5304ac\" data-element_type=\"widget\" data-e-type=\"widget\" data-widget_type=\"button.default\">\n\t\t\t\t\t\t\t\t\t\t<a class=\"elementor-button elementor-button-link elementor-size-sm elementor-animation-shrink\" href=\"https:\/\/enterthelagware.com\/en\/music-sound-design-for-documentaries\/\" target=\"_blank\" rel=\"nofollow\">\n\t\t\t\t\t\t<span class=\"elementor-button-content-wrapper\">\n\t\t\t\t\t\t\t\t\t<span class=\"elementor-button-text\">Explore project<\/span>\n\t\t\t\t\t<\/span>\n\t\t\t\t\t<\/a>\n\t\t\t\t\t\t\t\t<\/div>\n\t\t\t\t<\/div>\n\t\t<div class=\"elementor-element elementor-element-349d960 e-con-full e-flex e-con e-child\" data-id=\"349d960\" data-element_type=\"container\" data-e-type=\"container\">\n\t\t\t\t<div class=\"elementor-element elementor-element-46172da elementor-invisible elementor-widget elementor-widget-video\" data-id=\"46172da\" data-element_type=\"widget\" data-e-type=\"widget\" data-settings=\"{&quot;video_type&quot;:&quot;hosted&quot;,&quot;_animation&quot;:&quot;fadeInUp&quot;,&quot;controls&quot;:&quot;yes&quot;}\" data-widget_type=\"video.default\">\n\t\t\t\t\t\t\t<div class=\"e-hosted-video elementor-wrapper elementor-open-inline\">\n\t\t\t\t\t<video class=\"elementor-video\" src=\"https:\/\/dl.dropboxusercontent.com\/scl\/fi\/cv0xcggdqlrxl31giagdy\/Huskies-in-the-Desert_Full_Mix_Low_Quality.mp4?rlkey=bd8fau88rpvk4qf1ffxc9gh3h&amp;st=bhbzp7v5\" controls=\"\" preload=\"metadata\" controlslist=\"nodownload\" poster=\"https:\/\/enterthelagware.com\/wp-content\/uploads\/2026\/03\/Huskies-in-the-Desert_Full_Mix.webp\"><\/video>\n\t\t\t\t<\/div>\n\t\t\t\t\t\t<\/div>\n\t\t\t\t<\/div>\n\t\t\t\t\t<\/div>\n\t\t\t\t<\/div>\n\t\t<div class=\"elementor-element elementor-element-d2dc024 e-flex e-con-boxed elementor-invisible e-con e-parent\" data-id=\"d2dc024\" data-element_type=\"container\" data-e-type=\"container\" data-settings=\"{&quot;animation&quot;:&quot;fadeIn&quot;}\">\n\t\t\t\t\t<div class=\"e-con-inner\">\n\t\t\t\t<div class=\"elementor-element elementor-element-d3cf492 elementor-widget-divider--view-line elementor-widget elementor-widget-divider\" data-id=\"d3cf492\" data-element_type=\"widget\" data-e-type=\"widget\" data-widget_type=\"divider.default\">\n\t\t\t\t\t\t\t<div class=\"elementor-divider\">\n\t\t\t<span class=\"elementor-divider-separator\">\n\t\t\t\t\t\t<\/span>\n\t\t<\/div>\n\t\t\t\t\t\t<\/div>\n\t\t\t\t\t<\/div>\n\t\t\t\t<\/div>\n\t\t<div class=\"elementor-element elementor-element-d497615 e-flex e-con-boxed e-con e-parent\" data-id=\"d497615\" data-element_type=\"container\" data-e-type=\"container\">\n\t\t\t\t\t<div class=\"e-con-inner\">\n\t\t<div class=\"elementor-element elementor-element-3f2c375 e-con-full e-transform e-flex elementor-invisible e-con e-child\" data-id=\"3f2c375\" data-element_type=\"container\" data-e-type=\"container\" data-settings=\"{&quot;animation&quot;:&quot;fadeInUp&quot;,&quot;_transform_scaleX_effect_hover&quot;:{&quot;unit&quot;:&quot;px&quot;,&quot;size&quot;:&quot;&quot;,&quot;sizes&quot;:[]},&quot;_transform_scaleX_effect_hover_tablet&quot;:{&quot;unit&quot;:&quot;px&quot;,&quot;size&quot;:&quot;&quot;,&quot;sizes&quot;:[]},&quot;_transform_scaleX_effect_hover_mobile&quot;:{&quot;unit&quot;:&quot;px&quot;,&quot;size&quot;:&quot;&quot;,&quot;sizes&quot;:[]},&quot;_transform_scaleY_effect_hover&quot;:{&quot;unit&quot;:&quot;px&quot;,&quot;size&quot;:&quot;&quot;,&quot;sizes&quot;:[]},&quot;_transform_scaleY_effect_hover_tablet&quot;:{&quot;unit&quot;:&quot;px&quot;,&quot;size&quot;:&quot;&quot;,&quot;sizes&quot;:[]},&quot;_transform_scaleY_effect_hover_mobile&quot;:{&quot;unit&quot;:&quot;px&quot;,&quot;size&quot;:&quot;&quot;,&quot;sizes&quot;:[]}}\">\n\t\t\t\t<div class=\"elementor-element elementor-element-6437280 elementor-widget elementor-widget-heading\" data-id=\"6437280\" data-element_type=\"widget\" data-e-type=\"widget\" data-widget_type=\"heading.default\">\n\t\t\t\t\t<h4 class=\"elementor-heading-title elementor-size-default\">If you need anything, feel free to use the contact form<\/h4>\t\t\t\t<\/div>\n\t\t\t\t<div class=\"elementor-element elementor-element-88b87fa elementor-align-center elementor-widget elementor-widget-button\" data-id=\"88b87fa\" data-element_type=\"widget\" data-e-type=\"widget\" data-widget_type=\"button.default\">\n\t\t\t\t\t\t\t\t\t\t<a class=\"elementor-button elementor-button-link elementor-size-sm elementor-animation-shrink\" href=\"https:\/\/enterthelagware.com\/en\/contact\/\" target=\"_blank\" rel=\"nofollow\">\n\t\t\t\t\t\t<span class=\"elementor-button-content-wrapper\">\n\t\t\t\t\t\t\t\t\t<span class=\"elementor-button-text\">Contact<\/span>\n\t\t\t\t\t<\/span>\n\t\t\t\t\t<\/a>\n\t\t\t\t\t\t\t\t<\/div>\n\t\t\t\t<\/div>\n\t\t\t\t\t<\/div>\n\t\t\t\t<\/div>\n\t\t\t\t<\/div>","protected":false},"excerpt":{"rendered":"<p>M\u00fasica y Dise\u00f1o de Sonido para Documentales Two Huskies in the Desert (Spec. Project) Music by Josal Fern\u00e1ndez \u00bfRecuerdas aquel documental con dos cachorritos de Husky jugando en el desierto? Ya, yo tampoco&#8230; \u00a1Pero suena genial! (Video footage generado por IA para uso demostrativo) Conoce el proyecto https:\/\/dl.dropboxusercontent.com\/scl\/fi\/cv0xcggdqlrxl31giagdy\/Huskies-in-the-Desert_Full_Mix_Low_Quality.mp4?rlkey=bd8fau88rpvk4qf1ffxc9gh3h&#038;st=bhbzp7v5 Si necesitas algo puedes utilizar el formulario [&hellip;]<\/p>\n","protected":false},"author":1,"featured_media":0,"parent":0,"menu_order":0,"comment_status":"closed","ping_status":"closed","template":"","meta":{"_monsterinsights_skip_tracking":false,"_monsterinsights_sitenote_active":false,"_monsterinsights_sitenote_note":"","_monsterinsights_sitenote_category":0,"footnotes":""},"class_list":["post-1015","page","type-page","status-publish","hentry"],"yoast_head":"<!-- This site is optimized with the Yoast SEO plugin v27.3 - https:\/\/yoast.com\/product\/yoast-seo-wordpress\/ -->\n<title>Music &amp; Sound Design for Documentaries - Enter The Lagware<\/title>\n<meta name=\"robots\" content=\"noindex, nofollow\" \/>\n<meta property=\"og:locale\" content=\"en_US\" \/>\n<meta property=\"og:type\" content=\"article\" \/>\n<meta property=\"og:title\" content=\"Music &amp; Sound Design for Documentaries - Enter The Lagware\" \/>\n<meta property=\"og:description\" content=\"M\u00fasica y Dise\u00f1o de Sonido para Documentales Two Huskies in the Desert (Spec. Project) Music by Josal Fern\u00e1ndez \u00bfRecuerdas aquel documental con dos cachorritos de Husky jugando en el desierto? Ya, yo tampoco&#8230; \u00a1Pero suena genial! (Video footage generado por IA para uso demostrativo) Conoce el proyecto https:\/\/dl.dropboxusercontent.com\/scl\/fi\/cv0xcggdqlrxl31giagdy\/Huskies-in-the-Desert_Full_Mix_Low_Quality.mp4?rlkey=bd8fau88rpvk4qf1ffxc9gh3h&#038;st=bhbzp7v5 Si necesitas algo puedes utilizar el formulario [&hellip;]\" \/>\n<meta property=\"og:url\" content=\"https:\/\/enterthelagware.com\/en\/music-sound-design-for-documentaries\/\" \/>\n<meta property=\"og:site_name\" content=\"Enter The Lagware\" \/>\n<meta property=\"article:modified_time\" content=\"2026-03-09T22:34:08+00:00\" \/>\n<meta name=\"twitter:card\" content=\"summary_large_image\" \/>\n<meta name=\"twitter:label1\" content=\"Est. reading time\" \/>\n\t<meta name=\"twitter:data1\" content=\"1 minute\" \/>\n<script type=\"application\/ld+json\" class=\"yoast-schema-graph\">{\"@context\":\"https:\\\/\\\/schema.org\",\"@graph\":[{\"@type\":\"WebPage\",\"@id\":\"https:\\\/\\\/enterthelagware.com\\\/music-sound-design-for-documentaries\\\/\",\"url\":\"https:\\\/\\\/enterthelagware.com\\\/music-sound-design-for-documentaries\\\/\",\"name\":\"Music &amp; Sound Design for Documentaries - Enter The Lagware\",\"isPartOf\":{\"@id\":\"https:\\\/\\\/enterthelagware.com\\\/#website\"},\"datePublished\":\"2026-03-08T20:09:12+00:00\",\"dateModified\":\"2026-03-09T22:34:08+00:00\",\"breadcrumb\":{\"@id\":\"https:\\\/\\\/enterthelagware.com\\\/music-sound-design-for-documentaries\\\/#breadcrumb\"},\"inLanguage\":\"en-US\",\"potentialAction\":[{\"@type\":\"ReadAction\",\"target\":[\"https:\\\/\\\/enterthelagware.com\\\/music-sound-design-for-documentaries\\\/\"]}]},{\"@type\":\"BreadcrumbList\",\"@id\":\"https:\\\/\\\/enterthelagware.com\\\/music-sound-design-for-documentaries\\\/#breadcrumb\",\"itemListElement\":[{\"@type\":\"ListItem\",\"position\":1,\"name\":\"Portada\",\"item\":\"https:\\\/\\\/enterthelagware.com\\\/\"},{\"@type\":\"ListItem\",\"position\":2,\"name\":\"Music &amp; Sound Design for Documentaries\"}]},{\"@type\":\"WebSite\",\"@id\":\"https:\\\/\\\/enterthelagware.com\\\/#website\",\"url\":\"https:\\\/\\\/enterthelagware.com\\\/\",\"name\":\"Enter The Lagware\",\"description\":\"\",\"publisher\":{\"@id\":\"https:\\\/\\\/enterthelagware.com\\\/#organization\"},\"potentialAction\":[{\"@type\":\"SearchAction\",\"target\":{\"@type\":\"EntryPoint\",\"urlTemplate\":\"https:\\\/\\\/enterthelagware.com\\\/?s={search_term_string}\"},\"query-input\":{\"@type\":\"PropertyValueSpecification\",\"valueRequired\":true,\"valueName\":\"search_term_string\"}}],\"inLanguage\":\"en-US\"},{\"@type\":\"Organization\",\"@id\":\"https:\\\/\\\/enterthelagware.com\\\/#organization\",\"name\":\"Enter The Lagware\",\"url\":\"https:\\\/\\\/enterthelagware.com\\\/\",\"logo\":{\"@type\":\"ImageObject\",\"inLanguage\":\"en-US\",\"@id\":\"https:\\\/\\\/enterthelagware.com\\\/#\\\/schema\\\/logo\\\/image\\\/\",\"url\":\"https:\\\/\\\/enterthelagware.com\\\/wp-content\\\/uploads\\\/2025\\\/07\\\/etlw-logo-bkf.png\",\"contentUrl\":\"https:\\\/\\\/enterthelagware.com\\\/wp-content\\\/uploads\\\/2025\\\/07\\\/etlw-logo-bkf.png\",\"width\":1000,\"height\":293,\"caption\":\"Enter The Lagware\"},\"image\":{\"@id\":\"https:\\\/\\\/enterthelagware.com\\\/#\\\/schema\\\/logo\\\/image\\\/\"}}]}<\/script>\n<!-- \/ Yoast SEO plugin. -->","yoast_head_json":{"title":"Music &amp; Sound Design for Documentaries - Enter The Lagware","robots":{"index":"noindex","follow":"nofollow"},"og_locale":"en_US","og_type":"article","og_title":"Music &amp; Sound Design for Documentaries - Enter The Lagware","og_description":"M\u00fasica y Dise\u00f1o de Sonido para Documentales Two Huskies in the Desert (Spec. Project) Music by Josal Fern\u00e1ndez \u00bfRecuerdas aquel documental con dos cachorritos de Husky jugando en el desierto? Ya, yo tampoco&#8230; \u00a1Pero suena genial! (Video footage generado por IA para uso demostrativo) Conoce el proyecto https:\/\/dl.dropboxusercontent.com\/scl\/fi\/cv0xcggdqlrxl31giagdy\/Huskies-in-the-Desert_Full_Mix_Low_Quality.mp4?rlkey=bd8fau88rpvk4qf1ffxc9gh3h&#038;st=bhbzp7v5 Si necesitas algo puedes utilizar el formulario [&hellip;]","og_url":"https:\/\/enterthelagware.com\/en\/music-sound-design-for-documentaries\/","og_site_name":"Enter The Lagware","article_modified_time":"2026-03-09T22:34:08+00:00","twitter_card":"summary_large_image","twitter_misc":{"Est. reading time":"1 minute"},"schema":{"@context":"https:\/\/schema.org","@graph":[{"@type":"WebPage","@id":"https:\/\/enterthelagware.com\/music-sound-design-for-documentaries\/","url":"https:\/\/enterthelagware.com\/music-sound-design-for-documentaries\/","name":"Music &amp; Sound Design for Documentaries - Enter The Lagware","isPartOf":{"@id":"https:\/\/enterthelagware.com\/#website"},"datePublished":"2026-03-08T20:09:12+00:00","dateModified":"2026-03-09T22:34:08+00:00","breadcrumb":{"@id":"https:\/\/enterthelagware.com\/music-sound-design-for-documentaries\/#breadcrumb"},"inLanguage":"en-US","potentialAction":[{"@type":"ReadAction","target":["https:\/\/enterthelagware.com\/music-sound-design-for-documentaries\/"]}]},{"@type":"BreadcrumbList","@id":"https:\/\/enterthelagware.com\/music-sound-design-for-documentaries\/#breadcrumb","itemListElement":[{"@type":"ListItem","position":1,"name":"Portada","item":"https:\/\/enterthelagware.com\/"},{"@type":"ListItem","position":2,"name":"Music &amp; Sound Design for Documentaries"}]},{"@type":"WebSite","@id":"https:\/\/enterthelagware.com\/#website","url":"https:\/\/enterthelagware.com\/","name":"Enter The Lagware","description":"","publisher":{"@id":"https:\/\/enterthelagware.com\/#organization"},"potentialAction":[{"@type":"SearchAction","target":{"@type":"EntryPoint","urlTemplate":"https:\/\/enterthelagware.com\/?s={search_term_string}"},"query-input":{"@type":"PropertyValueSpecification","valueRequired":true,"valueName":"search_term_string"}}],"inLanguage":"en-US"},{"@type":"Organization","@id":"https:\/\/enterthelagware.com\/#organization","name":"Enter The Lagware","url":"https:\/\/enterthelagware.com\/","logo":{"@type":"ImageObject","inLanguage":"en-US","@id":"https:\/\/enterthelagware.com\/#\/schema\/logo\/image\/","url":"https:\/\/enterthelagware.com\/wp-content\/uploads\/2025\/07\/etlw-logo-bkf.png","contentUrl":"https:\/\/enterthelagware.com\/wp-content\/uploads\/2025\/07\/etlw-logo-bkf.png","width":1000,"height":293,"caption":"Enter The Lagware"},"image":{"@id":"https:\/\/enterthelagware.com\/#\/schema\/logo\/image\/"}}]}},"_links":{"self":[{"href":"https:\/\/enterthelagware.com\/en\/wp-json\/wp\/v2\/pages\/1015","targetHints":{"allow":["GET"]}}],"collection":[{"href":"https:\/\/enterthelagware.com\/en\/wp-json\/wp\/v2\/pages"}],"about":[{"href":"https:\/\/enterthelagware.com\/en\/wp-json\/wp\/v2\/types\/page"}],"author":[{"embeddable":true,"href":"https:\/\/enterthelagware.com\/en\/wp-json\/wp\/v2\/users\/1"}],"replies":[{"embeddable":true,"href":"https:\/\/enterthelagware.com\/en\/wp-json\/wp\/v2\/comments?post=1015"}],"version-history":[{"count":14,"href":"https:\/\/enterthelagware.com\/en\/wp-json\/wp\/v2\/pages\/1015\/revisions"}],"predecessor-version":[{"id":1204,"href":"https:\/\/enterthelagware.com\/en\/wp-json\/wp\/v2\/pages\/1015\/revisions\/1204"}],"wp:attachment":[{"href":"https:\/\/enterthelagware.com\/en\/wp-json\/wp\/v2\/media?parent=1015"}],"curies":[{"name":"wp","href":"https:\/\/api.w.org\/{rel}","templated":true}]}}