{"id":1018,"date":"2026-03-08T20:10:14","date_gmt":"2026-03-08T20:10:14","guid":{"rendered":"https:\/\/enterthelagware.com\/?page_id=1018"},"modified":"2026-03-10T06:47:29","modified_gmt":"2026-03-10T06:47:29","slug":"music-sound-design-for-video-games","status":"publish","type":"page","link":"https:\/\/enterthelagware.com\/en\/music-sound-design-for-video-games\/","title":{"rendered":"Music &amp; Sound Design for Video Games"},"content":{"rendered":"<div data-elementor-type=\"wp-page\" data-elementor-id=\"1018\" class=\"elementor elementor-1018\">\n\t\t\t\t<div class=\"elementor-element elementor-element-7ca3f4d e-flex e-con-boxed e-con e-parent\" data-id=\"7ca3f4d\" data-element_type=\"container\" data-e-type=\"container\">\n\t\t\t\t\t<div class=\"e-con-inner\">\n\t\t\t\t<div class=\"elementor-element elementor-element-d62f9f2 elementor-widget elementor-widget-heading\" data-id=\"d62f9f2\" data-element_type=\"widget\" data-e-type=\"widget\" data-widget_type=\"heading.default\">\n\t\t\t\t\t<h1 class=\"elementor-heading-title elementor-size-default\">Music and Sound Design for Video Games<\/h1>\t\t\t\t<\/div>\n\t\t\t\t\t<\/div>\n\t\t\t\t<\/div>\n\t\t<div class=\"elementor-element elementor-element-9bdca83 e-con-full e-flex e-con e-child\" data-id=\"9bdca83\" data-element_type=\"container\" data-e-type=\"container\">\n\t\t\t\t<div class=\"elementor-element elementor-element-9c5893d elementor-invisible elementor-widget elementor-widget-heading\" data-id=\"9c5893d\" data-element_type=\"widget\" data-e-type=\"widget\" data-settings=\"{&quot;_animation&quot;:&quot;fadeInDown&quot;}\" data-widget_type=\"heading.default\">\n\t\t\t\t\t<h2 class=\"elementor-heading-title elementor-size-default\">Against Zombies <span style=\"font-size: 2rem\">(Spec. Project)<\/span><span style=\"font-size: 2rem\"><\/span><br><\/h2>\t\t\t\t<\/div>\n\t\t\t\t<div class=\"elementor-element elementor-element-f507e81 elementor-invisible elementor-widget elementor-widget-heading\" data-id=\"f507e81\" data-element_type=\"widget\" data-e-type=\"widget\" data-settings=\"{&quot;_animation&quot;:&quot;fadeInUp&quot;}\" data-widget_type=\"heading.default\">\n\t\t\t\t\t<h3 class=\"elementor-heading-title elementor-size-default\">Music &amp; SFX by Josal Fern\u00e1ndez<\/h3>\t\t\t\t<\/div>\n\t\t\t\t<div class=\"elementor-element elementor-element-efc016a elementor-widget elementor-widget-text-editor\" data-id=\"efc016a\" data-element_type=\"widget\" data-e-type=\"widget\" data-widget_type=\"text-editor.default\">\n\t\t\t\t\t\t\t\t\t<p>The audio doesn\u2019t just accompany the action; it dictates the frenetic pace of survival, transforming the chaos of the horde into an experience of absolute focus and pure adrenaline.<\/p><p>The mix prioritizes a hierarchy of threats: from footsteps on asphalt, through the metallic cadence of gunfire or the visceral impact of explosions, to the enemy screams that define their position in 3D space.<\/p><p><strong>(AI-generated video footage for demonstration purposes)<\/strong><\/p>\t\t\t\t\t\t\t\t<\/div>\n\t\t\t\t<\/div>\n\t\t<div class=\"elementor-element elementor-element-70d31ba e-flex e-con-boxed e-con e-parent\" data-id=\"70d31ba\" data-element_type=\"container\" data-e-type=\"container\">\n\t\t\t\t\t<div class=\"e-con-inner\">\n\t\t<div class=\"elementor-element elementor-element-3bb064a e-con-full e-flex e-con e-child\" data-id=\"3bb064a\" data-element_type=\"container\" data-e-type=\"container\">\n\t\t\t\t<div class=\"elementor-element elementor-element-ba28723 elementor-invisible elementor-widget elementor-widget-video\" data-id=\"ba28723\" data-element_type=\"widget\" data-e-type=\"widget\" data-settings=\"{&quot;video_type&quot;:&quot;hosted&quot;,&quot;_animation&quot;:&quot;fadeInUp&quot;,&quot;controls&quot;:&quot;yes&quot;}\" data-widget_type=\"video.default\">\n\t\t\t\t\t\t\t<div class=\"e-hosted-video elementor-wrapper elementor-open-inline\">\n\t\t\t\t\t<video class=\"elementor-video\" src=\"https:\/\/dl.dropboxusercontent.com\/scl\/fi\/9gcdkvqduf18qpxut5997\/Against-Zombies_Full_Mix_Low_Quality.mp4?rlkey=hqn1z5veczk0h3es7lpmuyis5&amp;st=uqkeranm\" controls=\"\" preload=\"metadata\" controlslist=\"nodownload\" poster=\"https:\/\/enterthelagware.com\/wp-content\/uploads\/2026\/03\/Against-Zombies_Full_Mix.webp\"><\/video>\n\t\t\t\t<\/div>\n\t\t\t\t\t\t<\/div>\n\t\t\t\t<\/div>\n\t\t<div class=\"elementor-element elementor-element-f9960f0 e-con-full e-flex e-con e-child\" data-id=\"f9960f0\" data-element_type=\"container\" data-e-type=\"container\">\n\t\t<div class=\"elementor-element elementor-element-509bac2 e-flex e-con-boxed e-con e-child\" data-id=\"509bac2\" data-element_type=\"container\" data-e-type=\"container\">\n\t\t\t\t\t<div class=\"e-con-inner\">\n\t\t\t\t<div class=\"elementor-element elementor-element-20cc8b7 elementor-invisible elementor-widget elementor-widget-video\" data-id=\"20cc8b7\" data-element_type=\"widget\" data-e-type=\"widget\" data-settings=\"{&quot;video_type&quot;:&quot;hosted&quot;,&quot;_animation&quot;:&quot;fadeInUp&quot;,&quot;controls&quot;:&quot;yes&quot;}\" data-widget_type=\"video.default\">\n\t\t\t\t\t\t\t<div class=\"e-hosted-video elementor-wrapper elementor-open-inline\">\n\t\t\t\t\t<video class=\"elementor-video\" src=\"https:\/\/dl.dropboxusercontent.com\/scl\/fi\/3796ix00ohdgwpm8yt4vc\/Against-Zombies_Music_Solo_Low_Quality.mp4?rlkey=8a09ztjav2cd3v1w43imqga13&amp;st=thrb2wed\" controls=\"\" preload=\"metadata\" controlslist=\"nodownload\" poster=\"https:\/\/enterthelagware.com\/wp-content\/uploads\/2026\/03\/Against-Zombies_Music_Solo.webp\"><\/video>\n\t\t\t\t<\/div>\n\t\t\t\t\t\t<\/div>\n\t\t\t\t\t<\/div>\n\t\t\t\t<\/div>\n\t\t<div class=\"elementor-element elementor-element-612752e e-con-full e-flex e-con e-child\" data-id=\"612752e\" data-element_type=\"container\" data-e-type=\"container\">\n\t\t\t\t<div class=\"elementor-element elementor-element-adc7dca elementor-invisible elementor-widget elementor-widget-video\" data-id=\"adc7dca\" data-element_type=\"widget\" data-e-type=\"widget\" data-settings=\"{&quot;video_type&quot;:&quot;hosted&quot;,&quot;_animation&quot;:&quot;fadeInUp&quot;,&quot;controls&quot;:&quot;yes&quot;}\" data-widget_type=\"video.default\">\n\t\t\t\t\t\t\t<div class=\"e-hosted-video elementor-wrapper elementor-open-inline\">\n\t\t\t\t\t<video class=\"elementor-video\" src=\"https:\/\/dl.dropboxusercontent.com\/scl\/fi\/0lxu7on532j25rvg9rbhq\/Against-Zombies_SFX_Solo_Low_Quality.mp4?rlkey=jneqlpb9py1ux5pmf96kom6fs&amp;st=dotqe3zg\" controls=\"\" preload=\"metadata\" controlslist=\"nodownload\" poster=\"https:\/\/enterthelagware.com\/wp-content\/uploads\/2026\/03\/Against-Zombies_SFX_Solo.webp\"><\/video>\n\t\t\t\t<\/div>\n\t\t\t\t\t\t<\/div>\n\t\t\t\t<\/div>\n\t\t\t\t<div class=\"elementor-element elementor-element-6896663 elementor-align-center elementor-widget elementor-widget-button\" data-id=\"6896663\" data-element_type=\"widget\" data-e-type=\"widget\" data-widget_type=\"button.default\">\n\t\t\t\t\t\t\t\t\t\t<a class=\"elementor-button elementor-button-link elementor-size-sm elementor-animation-shrink\" href=\"https:\/\/enterthelagware.com\/en\/music-sound-design-for-video-games\/\" target=\"_blank\" rel=\"nofollow\">\n\t\t\t\t\t\t<span class=\"elementor-button-content-wrapper\">\n\t\t\t\t\t\t\t\t\t<span class=\"elementor-button-text\">Explore project<\/span>\n\t\t\t\t\t<\/span>\n\t\t\t\t\t<\/a>\n\t\t\t\t\t\t\t\t<\/div>\n\t\t\t\t<\/div>\n\t\t\t\t\t<\/div>\n\t\t\t\t<\/div>\n\t\t<div class=\"elementor-element elementor-element-023297c e-flex e-con-boxed elementor-invisible e-con e-parent\" data-id=\"023297c\" data-element_type=\"container\" data-e-type=\"container\" data-settings=\"{&quot;animation&quot;:&quot;fadeIn&quot;}\">\n\t\t\t\t\t<div class=\"e-con-inner\">\n\t\t\t\t<div class=\"elementor-element elementor-element-9e06d55 elementor-widget-divider--view-line elementor-widget elementor-widget-divider\" data-id=\"9e06d55\" data-element_type=\"widget\" data-e-type=\"widget\" data-widget_type=\"divider.default\">\n\t\t\t\t\t\t\t<div class=\"elementor-divider\">\n\t\t\t<span class=\"elementor-divider-separator\">\n\t\t\t\t\t\t<\/span>\n\t\t<\/div>\n\t\t\t\t\t\t<\/div>\n\t\t\t\t\t<\/div>\n\t\t\t\t<\/div>\n\t\t<div class=\"elementor-element elementor-element-787bf44 e-con-full e-flex e-con e-child\" data-id=\"787bf44\" data-element_type=\"container\" data-e-type=\"container\">\n\t\t\t\t<div class=\"elementor-element elementor-element-e88ebd1 elementor-invisible elementor-widget elementor-widget-heading\" data-id=\"e88ebd1\" data-element_type=\"widget\" data-e-type=\"widget\" data-settings=\"{&quot;_animation&quot;:&quot;fadeInDown&quot;}\" data-widget_type=\"heading.default\">\n\t\t\t\t\t<h2 class=\"elementor-heading-title elementor-size-default\">Jungle Adventure <span style=\"font-size: 2rem\">(Spec. Project)<\/span><span style=\"font-size: 2rem\"><\/span><br><\/h2>\t\t\t\t<\/div>\n\t\t\t\t<div class=\"elementor-element elementor-element-bc37428 elementor-invisible elementor-widget elementor-widget-heading\" data-id=\"bc37428\" data-element_type=\"widget\" data-e-type=\"widget\" data-settings=\"{&quot;_animation&quot;:&quot;fadeInUp&quot;}\" data-widget_type=\"heading.default\">\n\t\t\t\t\t<h3 class=\"elementor-heading-title elementor-size-default\">Music &amp; SFX by Josal Fern\u00e1ndez<\/h3>\t\t\t\t<\/div>\n\t\t\t\t<div class=\"elementor-element elementor-element-db74e1c elementor-widget elementor-widget-text-editor\" data-id=\"db74e1c\" data-element_type=\"widget\" data-e-type=\"widget\" data-widget_type=\"text-editor.default\">\n\t\t\t\t\t\t\t\t\t<p><span style=\"font-weight: 400;\">The audio narrative of this gameplay is designed to punctuate discovery and the scale of the environment. The sound evolves dynamically: beginning with the organic design of dense vegetation, transitioning quickly to the echoes of the temple materials, and culminating in an opening up to an expansive soundscape.<\/span><\/p><p><span style=\"font-weight: 400;\"> The audio makes the scale of the waterfall tangible, utilizing the contrast between the detail of the wildlife and the roar of the water to transform exploration into an experience of absolute awe.<\/span><\/p><p><strong>(AI-generated video footage for demonstration purposes)<\/strong><\/p>\t\t\t\t\t\t\t\t<\/div>\n\t\t\t\t<\/div>\n\t\t<div class=\"elementor-element elementor-element-367b5a1 e-flex e-con-boxed e-con e-parent\" data-id=\"367b5a1\" data-element_type=\"container\" data-e-type=\"container\">\n\t\t\t\t\t<div class=\"e-con-inner\">\n\t\t<div class=\"elementor-element elementor-element-d25bfbe e-con-full e-flex e-con e-child\" data-id=\"d25bfbe\" data-element_type=\"container\" data-e-type=\"container\">\n\t\t<div class=\"elementor-element elementor-element-8318e43 e-flex e-con-boxed e-con e-child\" data-id=\"8318e43\" data-element_type=\"container\" data-e-type=\"container\">\n\t\t\t\t\t<div class=\"e-con-inner\">\n\t\t\t\t<div class=\"elementor-element elementor-element-7dca9a6 elementor-invisible elementor-widget elementor-widget-video\" data-id=\"7dca9a6\" data-element_type=\"widget\" data-e-type=\"widget\" data-settings=\"{&quot;video_type&quot;:&quot;hosted&quot;,&quot;_animation&quot;:&quot;fadeInUp&quot;,&quot;controls&quot;:&quot;yes&quot;}\" data-widget_type=\"video.default\">\n\t\t\t\t\t\t\t<div class=\"e-hosted-video elementor-wrapper elementor-open-inline\">\n\t\t\t\t\t<video class=\"elementor-video\" src=\"https:\/\/dl.dropboxusercontent.com\/scl\/fi\/f1vxo2qatnzm02xvnbfnf\/Jungle-Adventure_Music_Solo_Low_Quality.mp4?rlkey=hgm2rlp47ywxg2luruu5wiqzc&amp;st=94h6k7zf\" controls=\"\" preload=\"metadata\" controlslist=\"nodownload\" poster=\"https:\/\/enterthelagware.com\/wp-content\/uploads\/2026\/03\/Jungle-Adventure_Music_Solo.webp\"><\/video>\n\t\t\t\t<\/div>\n\t\t\t\t\t\t<\/div>\n\t\t\t\t\t<\/div>\n\t\t\t\t<\/div>\n\t\t<div class=\"elementor-element elementor-element-23e52fa e-con-full e-flex e-con e-child\" data-id=\"23e52fa\" data-element_type=\"container\" data-e-type=\"container\">\n\t\t\t\t<div class=\"elementor-element elementor-element-c90c773 elementor-invisible elementor-widget elementor-widget-video\" data-id=\"c90c773\" data-element_type=\"widget\" data-e-type=\"widget\" data-settings=\"{&quot;video_type&quot;:&quot;hosted&quot;,&quot;_animation&quot;:&quot;fadeInUp&quot;,&quot;controls&quot;:&quot;yes&quot;}\" data-widget_type=\"video.default\">\n\t\t\t\t\t\t\t<div class=\"e-hosted-video elementor-wrapper elementor-open-inline\">\n\t\t\t\t\t<video class=\"elementor-video\" src=\"https:\/\/dl.dropboxusercontent.com\/scl\/fi\/l00xkz6qjdsbd1jq2900n\/Jungle-Adventure_SFX_Solo_Low_Quality.mp4?rlkey=za6ene8dih2fhdwtwdxwl6syw&amp;st=h9ef45ej\" controls=\"\" preload=\"metadata\" controlslist=\"nodownload\" poster=\"https:\/\/enterthelagware.com\/wp-content\/uploads\/2026\/03\/Jungle-Adventure_SFX_Solo.webp\"><\/video>\n\t\t\t\t<\/div>\n\t\t\t\t\t\t<\/div>\n\t\t\t\t<\/div>\n\t\t\t\t<div class=\"elementor-element elementor-element-24b63d0 elementor-align-center elementor-widget elementor-widget-button\" data-id=\"24b63d0\" data-element_type=\"widget\" data-e-type=\"widget\" data-widget_type=\"button.default\">\n\t\t\t\t\t\t\t\t\t\t<a class=\"elementor-button elementor-button-link elementor-size-sm elementor-animation-shrink\" href=\"https:\/\/enterthelagware.com\/en\/music-sound-design-for-video-games\/\" target=\"_blank\" rel=\"nofollow\">\n\t\t\t\t\t\t<span class=\"elementor-button-content-wrapper\">\n\t\t\t\t\t\t\t\t\t<span class=\"elementor-button-text\">Explore project<\/span>\n\t\t\t\t\t<\/span>\n\t\t\t\t\t<\/a>\n\t\t\t\t\t\t\t\t<\/div>\n\t\t\t\t<\/div>\n\t\t<div class=\"elementor-element elementor-element-f40621e e-con-full e-flex e-con e-child\" data-id=\"f40621e\" data-element_type=\"container\" data-e-type=\"container\">\n\t\t\t\t<div class=\"elementor-element elementor-element-1a7e861 elementor-invisible elementor-widget elementor-widget-video\" data-id=\"1a7e861\" data-element_type=\"widget\" data-e-type=\"widget\" data-settings=\"{&quot;video_type&quot;:&quot;hosted&quot;,&quot;_animation&quot;:&quot;fadeInUp&quot;,&quot;controls&quot;:&quot;yes&quot;}\" data-widget_type=\"video.default\">\n\t\t\t\t\t\t\t<div class=\"e-hosted-video elementor-wrapper elementor-open-inline\">\n\t\t\t\t\t<video class=\"elementor-video\" src=\"https:\/\/dl.dropboxusercontent.com\/scl\/fi\/943njbhun6as4jvzpdgy4\/Jungle-Adventure_Full_Mix_Low_Quality.mp4?rlkey=4yb6qob44e1grmq0lx96cmo3c&amp;st=bfcttcn0\" controls=\"\" preload=\"metadata\" controlslist=\"nodownload\" poster=\"https:\/\/enterthelagware.com\/wp-content\/uploads\/2026\/03\/Jungle-Adventure_Full_Mix.webp\"><\/video>\n\t\t\t\t<\/div>\n\t\t\t\t\t\t<\/div>\n\t\t\t\t<\/div>\n\t\t\t\t\t<\/div>\n\t\t\t\t<\/div>\n\t\t<div class=\"elementor-element elementor-element-54fdcfc e-flex e-con-boxed elementor-invisible e-con e-parent\" data-id=\"54fdcfc\" data-element_type=\"container\" data-e-type=\"container\" data-settings=\"{&quot;animation&quot;:&quot;fadeIn&quot;}\">\n\t\t\t\t\t<div class=\"e-con-inner\">\n\t\t\t\t<div class=\"elementor-element elementor-element-82b4f2a elementor-widget-divider--view-line elementor-widget elementor-widget-divider\" data-id=\"82b4f2a\" data-element_type=\"widget\" data-e-type=\"widget\" data-widget_type=\"divider.default\">\n\t\t\t\t\t\t\t<div class=\"elementor-divider\">\n\t\t\t<span class=\"elementor-divider-separator\">\n\t\t\t\t\t\t<\/span>\n\t\t<\/div>\n\t\t\t\t\t\t<\/div>\n\t\t\t\t\t<\/div>\n\t\t\t\t<\/div>\n\t\t<div class=\"elementor-element elementor-element-fd13c52 e-flex e-con-boxed e-con e-parent\" data-id=\"fd13c52\" data-element_type=\"container\" data-e-type=\"container\">\n\t\t\t\t\t<div class=\"e-con-inner\">\n\t\t<div class=\"elementor-element elementor-element-001fa28 e-con-full e-transform e-flex elementor-invisible e-con e-child\" data-id=\"001fa28\" data-element_type=\"container\" data-e-type=\"container\" data-settings=\"{&quot;animation&quot;:&quot;fadeInUp&quot;,&quot;_transform_scaleX_effect_hover&quot;:{&quot;unit&quot;:&quot;px&quot;,&quot;size&quot;:&quot;&quot;,&quot;sizes&quot;:[]},&quot;_transform_scaleX_effect_hover_tablet&quot;:{&quot;unit&quot;:&quot;px&quot;,&quot;size&quot;:&quot;&quot;,&quot;sizes&quot;:[]},&quot;_transform_scaleX_effect_hover_mobile&quot;:{&quot;unit&quot;:&quot;px&quot;,&quot;size&quot;:&quot;&quot;,&quot;sizes&quot;:[]},&quot;_transform_scaleY_effect_hover&quot;:{&quot;unit&quot;:&quot;px&quot;,&quot;size&quot;:&quot;&quot;,&quot;sizes&quot;:[]},&quot;_transform_scaleY_effect_hover_tablet&quot;:{&quot;unit&quot;:&quot;px&quot;,&quot;size&quot;:&quot;&quot;,&quot;sizes&quot;:[]},&quot;_transform_scaleY_effect_hover_mobile&quot;:{&quot;unit&quot;:&quot;px&quot;,&quot;size&quot;:&quot;&quot;,&quot;sizes&quot;:[]}}\">\n\t\t\t\t<div class=\"elementor-element elementor-element-7cd70b0 elementor-widget elementor-widget-heading\" data-id=\"7cd70b0\" data-element_type=\"widget\" data-e-type=\"widget\" data-widget_type=\"heading.default\">\n\t\t\t\t\t<h4 class=\"elementor-heading-title elementor-size-default\">If you need anything, feel free to use the contact form<\/h4>\t\t\t\t<\/div>\n\t\t\t\t<div class=\"elementor-element elementor-element-4cfd826 elementor-align-center elementor-widget elementor-widget-button\" data-id=\"4cfd826\" data-element_type=\"widget\" data-e-type=\"widget\" data-widget_type=\"button.default\">\n\t\t\t\t\t\t\t\t\t\t<a class=\"elementor-button elementor-button-link elementor-size-sm elementor-animation-shrink\" href=\"https:\/\/enterthelagware.com\/en\/contact\/\" target=\"_blank\" rel=\"nofollow\">\n\t\t\t\t\t\t<span class=\"elementor-button-content-wrapper\">\n\t\t\t\t\t\t\t\t\t<span class=\"elementor-button-text\">Contact<\/span>\n\t\t\t\t\t<\/span>\n\t\t\t\t\t<\/a>\n\t\t\t\t\t\t\t\t<\/div>\n\t\t\t\t<\/div>\n\t\t\t\t\t<\/div>\n\t\t\t\t<\/div>\n\t\t\t\t<\/div>","protected":false},"excerpt":{"rendered":"<p>M\u00fasica y Dise\u00f1o de Sonido para Videojuegos Against Zombies (Spec. Project) Music &amp; SFX by Josal Fern\u00e1ndez El audio no solo acompa\u00f1a la acci\u00f3n, sino que dicta el ritmo fren\u00e9tico de la supervivencia, transformando el caos de la horda en una experiencia de enfoque absoluto y adrenalina pura. La mezcla prioriza la jerarqu\u00eda de amenazas: [&hellip;]<\/p>\n","protected":false},"author":1,"featured_media":0,"parent":0,"menu_order":0,"comment_status":"closed","ping_status":"closed","template":"","meta":{"_monsterinsights_skip_tracking":false,"_monsterinsights_sitenote_active":false,"_monsterinsights_sitenote_note":"","_monsterinsights_sitenote_category":0,"footnotes":""},"class_list":["post-1018","page","type-page","status-publish","hentry"],"yoast_head":"<!-- This site is optimized with the Yoast SEO plugin v27.3 - https:\/\/yoast.com\/product\/yoast-seo-wordpress\/ -->\n<title>Music &amp; Sound Design for Video Games - Enter The Lagware<\/title>\n<meta name=\"robots\" content=\"noindex, nofollow\" \/>\n<meta property=\"og:locale\" content=\"en_US\" \/>\n<meta property=\"og:type\" content=\"article\" \/>\n<meta property=\"og:title\" content=\"Music &amp; Sound Design for Video Games - Enter The Lagware\" \/>\n<meta property=\"og:description\" content=\"M\u00fasica y Dise\u00f1o de Sonido para Videojuegos Against Zombies (Spec. Project) Music &amp; SFX by Josal Fern\u00e1ndez El audio no solo acompa\u00f1a la acci\u00f3n, sino que dicta el ritmo fren\u00e9tico de la supervivencia, transformando el caos de la horda en una experiencia de enfoque absoluto y adrenalina pura. La mezcla prioriza la jerarqu\u00eda de amenazas: [&hellip;]\" \/>\n<meta property=\"og:url\" content=\"https:\/\/enterthelagware.com\/en\/music-sound-design-for-video-games\/\" \/>\n<meta property=\"og:site_name\" content=\"Enter The Lagware\" \/>\n<meta property=\"article:modified_time\" content=\"2026-03-10T06:47:29+00:00\" \/>\n<meta name=\"twitter:card\" content=\"summary_large_image\" \/>\n<meta name=\"twitter:label1\" content=\"Est. reading time\" \/>\n\t<meta name=\"twitter:data1\" content=\"1 minute\" \/>\n<script type=\"application\/ld+json\" class=\"yoast-schema-graph\">{\"@context\":\"https:\\\/\\\/schema.org\",\"@graph\":[{\"@type\":\"WebPage\",\"@id\":\"https:\\\/\\\/enterthelagware.com\\\/music-sound-design-for-video-games\\\/\",\"url\":\"https:\\\/\\\/enterthelagware.com\\\/music-sound-design-for-video-games\\\/\",\"name\":\"Music &amp; Sound Design for Video Games - Enter The Lagware\",\"isPartOf\":{\"@id\":\"https:\\\/\\\/enterthelagware.com\\\/#website\"},\"datePublished\":\"2026-03-08T20:10:14+00:00\",\"dateModified\":\"2026-03-10T06:47:29+00:00\",\"breadcrumb\":{\"@id\":\"https:\\\/\\\/enterthelagware.com\\\/music-sound-design-for-video-games\\\/#breadcrumb\"},\"inLanguage\":\"en-US\",\"potentialAction\":[{\"@type\":\"ReadAction\",\"target\":[\"https:\\\/\\\/enterthelagware.com\\\/music-sound-design-for-video-games\\\/\"]}]},{\"@type\":\"BreadcrumbList\",\"@id\":\"https:\\\/\\\/enterthelagware.com\\\/music-sound-design-for-video-games\\\/#breadcrumb\",\"itemListElement\":[{\"@type\":\"ListItem\",\"position\":1,\"name\":\"Portada\",\"item\":\"https:\\\/\\\/enterthelagware.com\\\/\"},{\"@type\":\"ListItem\",\"position\":2,\"name\":\"Music &amp; Sound Design for Video Games\"}]},{\"@type\":\"WebSite\",\"@id\":\"https:\\\/\\\/enterthelagware.com\\\/#website\",\"url\":\"https:\\\/\\\/enterthelagware.com\\\/\",\"name\":\"Enter The Lagware\",\"description\":\"\",\"publisher\":{\"@id\":\"https:\\\/\\\/enterthelagware.com\\\/#organization\"},\"potentialAction\":[{\"@type\":\"SearchAction\",\"target\":{\"@type\":\"EntryPoint\",\"urlTemplate\":\"https:\\\/\\\/enterthelagware.com\\\/?s={search_term_string}\"},\"query-input\":{\"@type\":\"PropertyValueSpecification\",\"valueRequired\":true,\"valueName\":\"search_term_string\"}}],\"inLanguage\":\"en-US\"},{\"@type\":\"Organization\",\"@id\":\"https:\\\/\\\/enterthelagware.com\\\/#organization\",\"name\":\"Enter The Lagware\",\"url\":\"https:\\\/\\\/enterthelagware.com\\\/\",\"logo\":{\"@type\":\"ImageObject\",\"inLanguage\":\"en-US\",\"@id\":\"https:\\\/\\\/enterthelagware.com\\\/#\\\/schema\\\/logo\\\/image\\\/\",\"url\":\"https:\\\/\\\/enterthelagware.com\\\/wp-content\\\/uploads\\\/2025\\\/07\\\/etlw-logo-bkf.png\",\"contentUrl\":\"https:\\\/\\\/enterthelagware.com\\\/wp-content\\\/uploads\\\/2025\\\/07\\\/etlw-logo-bkf.png\",\"width\":1000,\"height\":293,\"caption\":\"Enter The Lagware\"},\"image\":{\"@id\":\"https:\\\/\\\/enterthelagware.com\\\/#\\\/schema\\\/logo\\\/image\\\/\"}}]}<\/script>\n<!-- \/ Yoast SEO plugin. -->","yoast_head_json":{"title":"Music &amp; Sound Design for Video Games - Enter The Lagware","robots":{"index":"noindex","follow":"nofollow"},"og_locale":"en_US","og_type":"article","og_title":"Music &amp; Sound Design for Video Games - Enter The Lagware","og_description":"M\u00fasica y Dise\u00f1o de Sonido para Videojuegos Against Zombies (Spec. Project) Music &amp; SFX by Josal Fern\u00e1ndez El audio no solo acompa\u00f1a la acci\u00f3n, sino que dicta el ritmo fren\u00e9tico de la supervivencia, transformando el caos de la horda en una experiencia de enfoque absoluto y adrenalina pura. La mezcla prioriza la jerarqu\u00eda de amenazas: [&hellip;]","og_url":"https:\/\/enterthelagware.com\/en\/music-sound-design-for-video-games\/","og_site_name":"Enter The Lagware","article_modified_time":"2026-03-10T06:47:29+00:00","twitter_card":"summary_large_image","twitter_misc":{"Est. reading time":"1 minute"},"schema":{"@context":"https:\/\/schema.org","@graph":[{"@type":"WebPage","@id":"https:\/\/enterthelagware.com\/music-sound-design-for-video-games\/","url":"https:\/\/enterthelagware.com\/music-sound-design-for-video-games\/","name":"Music &amp; Sound Design for Video Games - Enter The Lagware","isPartOf":{"@id":"https:\/\/enterthelagware.com\/#website"},"datePublished":"2026-03-08T20:10:14+00:00","dateModified":"2026-03-10T06:47:29+00:00","breadcrumb":{"@id":"https:\/\/enterthelagware.com\/music-sound-design-for-video-games\/#breadcrumb"},"inLanguage":"en-US","potentialAction":[{"@type":"ReadAction","target":["https:\/\/enterthelagware.com\/music-sound-design-for-video-games\/"]}]},{"@type":"BreadcrumbList","@id":"https:\/\/enterthelagware.com\/music-sound-design-for-video-games\/#breadcrumb","itemListElement":[{"@type":"ListItem","position":1,"name":"Portada","item":"https:\/\/enterthelagware.com\/"},{"@type":"ListItem","position":2,"name":"Music &amp; Sound Design for Video Games"}]},{"@type":"WebSite","@id":"https:\/\/enterthelagware.com\/#website","url":"https:\/\/enterthelagware.com\/","name":"Enter The Lagware","description":"","publisher":{"@id":"https:\/\/enterthelagware.com\/#organization"},"potentialAction":[{"@type":"SearchAction","target":{"@type":"EntryPoint","urlTemplate":"https:\/\/enterthelagware.com\/?s={search_term_string}"},"query-input":{"@type":"PropertyValueSpecification","valueRequired":true,"valueName":"search_term_string"}}],"inLanguage":"en-US"},{"@type":"Organization","@id":"https:\/\/enterthelagware.com\/#organization","name":"Enter The Lagware","url":"https:\/\/enterthelagware.com\/","logo":{"@type":"ImageObject","inLanguage":"en-US","@id":"https:\/\/enterthelagware.com\/#\/schema\/logo\/image\/","url":"https:\/\/enterthelagware.com\/wp-content\/uploads\/2025\/07\/etlw-logo-bkf.png","contentUrl":"https:\/\/enterthelagware.com\/wp-content\/uploads\/2025\/07\/etlw-logo-bkf.png","width":1000,"height":293,"caption":"Enter The Lagware"},"image":{"@id":"https:\/\/enterthelagware.com\/#\/schema\/logo\/image\/"}}]}},"_links":{"self":[{"href":"https:\/\/enterthelagware.com\/en\/wp-json\/wp\/v2\/pages\/1018","targetHints":{"allow":["GET"]}}],"collection":[{"href":"https:\/\/enterthelagware.com\/en\/wp-json\/wp\/v2\/pages"}],"about":[{"href":"https:\/\/enterthelagware.com\/en\/wp-json\/wp\/v2\/types\/page"}],"author":[{"embeddable":true,"href":"https:\/\/enterthelagware.com\/en\/wp-json\/wp\/v2\/users\/1"}],"replies":[{"embeddable":true,"href":"https:\/\/enterthelagware.com\/en\/wp-json\/wp\/v2\/comments?post=1018"}],"version-history":[{"count":25,"href":"https:\/\/enterthelagware.com\/en\/wp-json\/wp\/v2\/pages\/1018\/revisions"}],"predecessor-version":[{"id":1229,"href":"https:\/\/enterthelagware.com\/en\/wp-json\/wp\/v2\/pages\/1018\/revisions\/1229"}],"wp:attachment":[{"href":"https:\/\/enterthelagware.com\/en\/wp-json\/wp\/v2\/media?parent=1018"}],"curies":[{"name":"wp","href":"https:\/\/api.w.org\/{rel}","templated":true}]}}