{"id":115,"date":"2025-09-09T18:55:30","date_gmt":"2025-09-09T18:55:30","guid":{"rendered":"https:\/\/enterthelagware.com\/?page_id=115"},"modified":"2026-03-10T07:37:26","modified_gmt":"2026-03-10T07:37:26","slug":"about-lagware","status":"publish","type":"page","link":"https:\/\/enterthelagware.com\/en\/about-lagware\/","title":{"rendered":"About lagWare"},"content":{"rendered":"<div data-elementor-type=\"wp-page\" data-elementor-id=\"115\" class=\"elementor elementor-115\">\n\t\t\t\t<div class=\"elementor-element elementor-element-1cd318f e-flex e-con-boxed elementor-invisible e-con e-parent\" data-id=\"1cd318f\" data-element_type=\"container\" data-e-type=\"container\" data-settings=\"{&quot;animation&quot;:&quot;fadeInDown&quot;}\">\n\t\t\t\t\t<div class=\"e-con-inner\">\n\t\t\t\t<div class=\"elementor-element elementor-element-bd61dc1 elementor-widget elementor-widget-heading\" data-id=\"bd61dc1\" data-element_type=\"widget\" data-e-type=\"widget\" data-widget_type=\"heading.default\">\n\t\t\t\t\t<h1 class=\"elementor-heading-title elementor-size-default\">Let's get straight to the point<\/h1>\t\t\t\t<\/div>\n\t\t\t\t\t<\/div>\n\t\t\t\t<\/div>\n\t\t<div class=\"elementor-element elementor-element-d02f06a e-flex e-con-boxed e-con e-parent\" data-id=\"d02f06a\" data-element_type=\"container\" data-e-type=\"container\">\n\t\t\t\t\t<div class=\"e-con-inner\">\n\t\t<div class=\"elementor-element elementor-element-b5ab568 e-con-full e-flex elementor-invisible e-con e-child\" data-id=\"b5ab568\" data-element_type=\"container\" data-e-type=\"container\" data-settings=\"{&quot;animation&quot;:&quot;fadeInLeft&quot;}\">\n\t\t\t\t<div class=\"elementor-element elementor-element-04e1f6e elementor-widget elementor-widget-text-editor\" data-id=\"04e1f6e\" data-element_type=\"widget\" data-e-type=\"widget\" data-widget_type=\"text-editor.default\">\n\t\t\t\t\t\t\t\t\t<p>How are you doing? I'm Josal Fern\u00e1ndez.<\/p><p>With 15 years of experience and releases on both national and international labels, I view audio as a fundamental narrative language for storytelling. My methodology eschews conventional techniques, prioritizing sound design and composition with a unique identity.<\/p><p>I complement the creative phase with technical expertise in editing and post-production, ensuring a professional finish at every stage.<\/p><p>I'm currently looking to collaborate on audiovisual projects that require an unconventional sonic vision, partnering with directors who want to elevate their storytelling through sound with character and purpose.<\/p><p>If you'd like to take a look at my work, don't hesitate to click on the image below. There, you can listen to plenty of music and sound effects\u2014100% of which I created myself.<\/p>\t\t\t\t\t\t\t\t<\/div>\n\t\t\t\t<\/div>\n\t\t<div class=\"elementor-element elementor-element-0f434ad e-con-full e-transform e-flex elementor-invisible e-con e-child\" data-id=\"0f434ad\" data-element_type=\"container\" data-e-type=\"container\" data-settings=\"{&quot;animation&quot;:&quot;fadeInRight&quot;,&quot;_transform_scaleX_effect_hover&quot;:{&quot;unit&quot;:&quot;px&quot;,&quot;size&quot;:&quot;&quot;,&quot;sizes&quot;:[]},&quot;_transform_scaleX_effect_hover_tablet&quot;:{&quot;unit&quot;:&quot;px&quot;,&quot;size&quot;:&quot;&quot;,&quot;sizes&quot;:[]},&quot;_transform_scaleX_effect_hover_mobile&quot;:{&quot;unit&quot;:&quot;px&quot;,&quot;size&quot;:&quot;&quot;,&quot;sizes&quot;:[]},&quot;_transform_scaleY_effect_hover&quot;:{&quot;unit&quot;:&quot;px&quot;,&quot;size&quot;:&quot;&quot;,&quot;sizes&quot;:[]},&quot;_transform_scaleY_effect_hover_tablet&quot;:{&quot;unit&quot;:&quot;px&quot;,&quot;size&quot;:&quot;&quot;,&quot;sizes&quot;:[]},&quot;_transform_scaleY_effect_hover_mobile&quot;:{&quot;unit&quot;:&quot;px&quot;,&quot;size&quot;:&quot;&quot;,&quot;sizes&quot;:[]}}\">\n\t\t\t\t<div class=\"elementor-element elementor-element-4326d61 elementor-widget__width-inherit elementor-widget elementor-widget-image\" data-id=\"4326d61\" data-element_type=\"widget\" data-e-type=\"widget\" data-widget_type=\"image.default\">\n\t\t\t\t\t\t\t\t\t\t\t\t\t\t\t<img decoding=\"async\" src=\"https:\/\/enterthelagware.com\/wp-content\/uploads\/2026\/03\/Foto-Sobre-Mi.png\" title=\"\" alt=\"lagware-about-me-photo\" loading=\"lazy\" \/>\t\t\t\t\t\t\t\t\t\t\t\t\t\t\t<\/div>\n\t\t\t\t<\/div>\n\t\t\t\t\t<\/div>\n\t\t\t\t<\/div>\n\t\t<div class=\"elementor-element elementor-element-25b5896 e-flex e-con-boxed elementor-invisible e-con e-parent\" data-id=\"25b5896\" data-element_type=\"container\" data-e-type=\"container\" data-settings=\"{&quot;animation&quot;:&quot;fadeInDown&quot;}\">\n\t\t\t\t\t<div class=\"e-con-inner\">\n\t\t\t\t<div class=\"elementor-element elementor-element-afc3449 elementor-widget elementor-widget-spacer\" data-id=\"afc3449\" data-element_type=\"widget\" data-e-type=\"widget\" data-widget_type=\"spacer.default\">\n\t\t\t\t\t\t\t<div class=\"elementor-spacer\">\n\t\t\t<div class=\"elementor-spacer-inner\"><\/div>\n\t\t<\/div>\n\t\t\t\t\t\t<\/div>\n\t\t\t\t<div class=\"elementor-element elementor-element-5b958c9 elementor-widget elementor-widget-heading\" data-id=\"5b958c9\" data-element_type=\"widget\" data-e-type=\"widget\" data-widget_type=\"heading.default\">\n\t\t\t\t\t<h2 class=\"elementor-heading-title elementor-size-default\">In case you'd like to check out some of my projects<\/h2>\t\t\t\t<\/div>\n\t\t\t\t\t<\/div>\n\t\t\t\t<\/div>\n\t\t<div class=\"elementor-element elementor-element-f261933 e-transform e-flex e-con-boxed elementor-invisible e-con e-parent\" data-id=\"f261933\" data-element_type=\"container\" data-e-type=\"container\" data-settings=\"{&quot;animation&quot;:&quot;fadeInUp&quot;,&quot;_transform_scale_effect_hover&quot;:{&quot;unit&quot;:&quot;px&quot;,&quot;size&quot;:1.1,&quot;sizes&quot;:[]},&quot;_transform_scale_effect_hover_tablet&quot;:{&quot;unit&quot;:&quot;px&quot;,&quot;size&quot;:&quot;&quot;,&quot;sizes&quot;:[]},&quot;_transform_scale_effect_hover_mobile&quot;:{&quot;unit&quot;:&quot;px&quot;,&quot;size&quot;:&quot;&quot;,&quot;sizes&quot;:[]}}\">\n\t\t\t\t\t<div class=\"e-con-inner\">\n\t\t\t\t<div class=\"elementor-element elementor-element-6fd0eeb elementor-widget elementor-widget-image\" data-id=\"6fd0eeb\" data-element_type=\"widget\" data-e-type=\"widget\" data-widget_type=\"image.default\">\n\t\t\t\t\t\t\t\t\t\t\t\t\t\t\t\t<a href=\"https:\/\/enterthelagware.com\/en\/portfolio\/\" target=\"_blank\" rel=\"nofollow\">\n\t\t\t\t\t\t\t<img fetchpriority=\"high\" decoding=\"async\" width=\"800\" height=\"320\" src=\"https:\/\/enterthelagware.com\/wp-content\/uploads\/2026\/03\/lagware-portfolio-home-1024x410.png\" class=\"attachment-large size-large wp-image-1170\" alt=\"lagware-portfolio-image\" srcset=\"https:\/\/enterthelagware.com\/wp-content\/uploads\/2026\/03\/lagware-portfolio-home-1024x410.png 1024w, https:\/\/enterthelagware.com\/wp-content\/uploads\/2026\/03\/lagware-portfolio-home-300x120.png 300w, https:\/\/enterthelagware.com\/wp-content\/uploads\/2026\/03\/lagware-portfolio-home-768x307.png 768w, https:\/\/enterthelagware.com\/wp-content\/uploads\/2026\/03\/lagware-portfolio-home-18x7.png 18w, https:\/\/enterthelagware.com\/wp-content\/uploads\/2026\/03\/lagware-portfolio-home.png 1280w\" sizes=\"(max-width: 800px) 100vw, 800px\" \/>\t\t\t\t\t\t\t\t<\/a>\n\t\t\t\t\t\t\t\t\t\t\t\t\t\t\t<\/div>\n\t\t\t\t\t<\/div>\n\t\t\t\t<\/div>\n\t\t<div class=\"elementor-element elementor-element-3a95c51 e-flex e-con-boxed e-con e-parent\" data-id=\"3a95c51\" data-element_type=\"container\" data-e-type=\"container\">\n\t\t\t\t\t<div class=\"e-con-inner\">\n\t\t\t\t<div class=\"elementor-element elementor-element-552c10c elementor-invisible elementor-widget elementor-widget-heading\" data-id=\"552c10c\" data-element_type=\"widget\" data-e-type=\"widget\" data-settings=\"{&quot;_animation&quot;:&quot;fadeInDown&quot;}\" data-widget_type=\"heading.default\">\n\t\t\t\t\t<h5 class=\"elementor-heading-title elementor-size-default\">Here you can access the contact form<\/h5>\t\t\t\t<\/div>\n\t\t\t\t<div class=\"elementor-element elementor-element-cc55bb4 elementor-align-center elementor-invisible elementor-widget elementor-widget-button\" data-id=\"cc55bb4\" data-element_type=\"widget\" data-e-type=\"widget\" data-settings=\"{&quot;_animation&quot;:&quot;fadeInUp&quot;}\" data-widget_type=\"button.default\">\n\t\t\t\t\t\t\t\t\t\t<a class=\"elementor-button elementor-button-link elementor-size-sm elementor-animation-shrink\" href=\"https:\/\/enterthelagware.com\/en\/contact\/\" target=\"_blank\" rel=\"nofollow\">\n\t\t\t\t\t\t<span class=\"elementor-button-content-wrapper\">\n\t\t\t\t\t\t\t\t\t<span class=\"elementor-button-text\">Contact<\/span>\n\t\t\t\t\t<\/span>\n\t\t\t\t\t<\/a>\n\t\t\t\t\t\t\t\t<\/div>\n\t\t\t\t\t<\/div>\n\t\t\t\t<\/div>\n\t\t<div class=\"elementor-element elementor-element-2b77ac6 e-transform e-flex e-con-boxed elementor-invisible e-con e-parent\" data-id=\"2b77ac6\" data-element_type=\"container\" data-e-type=\"container\" data-settings=\"{&quot;animation&quot;:&quot;fadeInUp&quot;,&quot;_transform_scaleX_effect_hover&quot;:{&quot;unit&quot;:&quot;px&quot;,&quot;size&quot;:&quot;&quot;,&quot;sizes&quot;:[]},&quot;_transform_scaleX_effect_hover_tablet&quot;:{&quot;unit&quot;:&quot;px&quot;,&quot;size&quot;:&quot;&quot;,&quot;sizes&quot;:[]},&quot;_transform_scaleX_effect_hover_mobile&quot;:{&quot;unit&quot;:&quot;px&quot;,&quot;size&quot;:&quot;&quot;,&quot;sizes&quot;:[]},&quot;_transform_scaleY_effect_hover&quot;:{&quot;unit&quot;:&quot;px&quot;,&quot;size&quot;:&quot;&quot;,&quot;sizes&quot;:[]},&quot;_transform_scaleY_effect_hover_tablet&quot;:{&quot;unit&quot;:&quot;px&quot;,&quot;size&quot;:&quot;&quot;,&quot;sizes&quot;:[]},&quot;_transform_scaleY_effect_hover_mobile&quot;:{&quot;unit&quot;:&quot;px&quot;,&quot;size&quot;:&quot;&quot;,&quot;sizes&quot;:[]}}\">\n\t\t\t\t\t<div class=\"e-con-inner\">\n\t\t\t\t<div class=\"elementor-element elementor-element-e60dcad elementor-widget-divider--view-line elementor-invisible elementor-widget elementor-widget-divider\" data-id=\"e60dcad\" data-element_type=\"widget\" data-e-type=\"widget\" data-settings=\"{&quot;_animation&quot;:&quot;fadeIn&quot;}\" data-widget_type=\"divider.default\">\n\t\t\t\t\t\t\t<div class=\"elementor-divider\">\n\t\t\t<span class=\"elementor-divider-separator\">\n\t\t\t\t\t\t<\/span>\n\t\t<\/div>\n\t\t\t\t\t\t<\/div>\n\t\t\t\t<div class=\"elementor-element elementor-element-4bd3ff0 elementor-widget elementor-widget-heading\" data-id=\"4bd3ff0\" data-element_type=\"widget\" data-e-type=\"widget\" data-widget_type=\"heading.default\">\n\t\t\t\t\t<h4 class=\"elementor-heading-title elementor-size-default\">Follow me on Social Media for more content<\/h4>\t\t\t\t<\/div>\n\t\t<div class=\"elementor-element elementor-element-15d4577 e-con-full e-flex elementor-invisible e-con e-child\" data-id=\"15d4577\" data-element_type=\"container\" data-e-type=\"container\" data-settings=\"{&quot;animation&quot;:&quot;fadeInDown&quot;}\">\n\t\t\t\t<div class=\"elementor-element elementor-element-5f83580 elementor-shape-circle elementor-grid-3 e-transform e-grid-align-center elementor-widget elementor-widget-social-icons\" data-id=\"5f83580\" data-element_type=\"widget\" data-e-type=\"widget\" data-settings=\"{&quot;_transform_scaleX_effect_hover&quot;:{&quot;unit&quot;:&quot;px&quot;,&quot;size&quot;:&quot;&quot;,&quot;sizes&quot;:[]},&quot;_transform_scaleX_effect_hover_tablet&quot;:{&quot;unit&quot;:&quot;px&quot;,&quot;size&quot;:&quot;&quot;,&quot;sizes&quot;:[]},&quot;_transform_scaleX_effect_hover_mobile&quot;:{&quot;unit&quot;:&quot;px&quot;,&quot;size&quot;:&quot;&quot;,&quot;sizes&quot;:[]},&quot;_transform_scaleY_effect_hover&quot;:{&quot;unit&quot;:&quot;px&quot;,&quot;size&quot;:&quot;&quot;,&quot;sizes&quot;:[]},&quot;_transform_scaleY_effect_hover_tablet&quot;:{&quot;unit&quot;:&quot;px&quot;,&quot;size&quot;:&quot;&quot;,&quot;sizes&quot;:[]},&quot;_transform_scaleY_effect_hover_mobile&quot;:{&quot;unit&quot;:&quot;px&quot;,&quot;size&quot;:&quot;&quot;,&quot;sizes&quot;:[]}}\" data-widget_type=\"social-icons.default\">\n\t\t\t\t\t\t\t<div class=\"elementor-social-icons-wrapper elementor-grid\" role=\"list\">\n\t\t\t\t\t\t\t<span class=\"elementor-grid-item\" role=\"listitem\">\n\t\t\t\t\t<a class=\"elementor-icon elementor-social-icon elementor-social-icon-youtube elementor-animation-grow elementor-repeater-item-c2786d2\" href=\"https:\/\/www.youtube.com\/@enterthelagware\" target=\"_blank\">\n\t\t\t\t\t\t<span class=\"elementor-screen-only\">Youtube<\/span>\n\t\t\t\t\t\t<svg aria-hidden=\"true\" class=\"e-font-icon-svg e-fab-youtube\" viewbox=\"0 0 576 512\" xmlns=\"http:\/\/www.w3.org\/2000\/svg\"><path d=\"M549.655 124.083c-6.281-23.65-24.787-42.276-48.284-48.597C458.781 64 288 64 288 64S117.22 64 74.629 75.486c-23.497 6.322-42.003 24.947-48.284 48.597-11.412 42.867-11.412 132.305-11.412 132.305s0 89.438 11.412 132.305c6.281 23.65 24.787 41.5 48.284 47.821C117.22 448 288 448 288 448s170.78 0 213.371-11.486c23.497-6.321 42.003-24.171 48.284-47.821 11.412-42.867 11.412-132.305 11.412-132.305s0-89.438-11.412-132.305zm-317.51 213.508V175.185l142.739 81.205-142.739 81.201z\"><\/path><\/svg>\t\t\t\t\t<\/a>\n\t\t\t\t<\/span>\n\t\t\t\t\t\t\t<span class=\"elementor-grid-item\" role=\"listitem\">\n\t\t\t\t\t<a class=\"elementor-icon elementor-social-icon elementor-social-icon-instagram elementor-animation-grow elementor-repeater-item-9196196\" href=\"https:\/\/www.instagram.com\/enterthelagware\/\" target=\"_blank\">\n\t\t\t\t\t\t<span class=\"elementor-screen-only\">Instagram<\/span>\n\t\t\t\t\t\t<svg aria-hidden=\"true\" class=\"e-font-icon-svg e-fab-instagram\" viewbox=\"0 0 448 512\" xmlns=\"http:\/\/www.w3.org\/2000\/svg\"><path d=\"M224.1 141c-63.6 0-114.9 51.3-114.9 114.9s51.3 114.9 114.9 114.9S339 319.5 339 255.9 287.7 141 224.1 141zm0 189.6c-41.1 0-74.7-33.5-74.7-74.7s33.5-74.7 74.7-74.7 74.7 33.5 74.7 74.7-33.6 74.7-74.7 74.7zm146.4-194.3c0 14.9-12 26.8-26.8 26.8-14.9 0-26.8-12-26.8-26.8s12-26.8 26.8-26.8 26.8 12 26.8 26.8zm76.1 27.2c-1.7-35.9-9.9-67.7-36.2-93.9-26.2-26.2-58-34.4-93.9-36.2-37-2.1-147.9-2.1-184.9 0-35.8 1.7-67.6 9.9-93.9 36.1s-34.4 58-36.2 93.9c-2.1 37-2.1 147.9 0 184.9 1.7 35.9 9.9 67.7 36.2 93.9s58 34.4 93.9 36.2c37 2.1 147.9 2.1 184.9 0 35.9-1.7 67.7-9.9 93.9-36.2 26.2-26.2 34.4-58 36.2-93.9 2.1-37 2.1-147.8 0-184.8zM398.8 388c-7.8 19.6-22.9 34.7-42.6 42.6-29.5 11.7-99.5 9-132.1 9s-102.7 2.6-132.1-9c-19.6-7.8-34.7-22.9-42.6-42.6-11.7-29.5-9-99.5-9-132.1s-2.6-102.7 9-132.1c7.8-19.6 22.9-34.7 42.6-42.6 29.5-11.7 99.5-9 132.1-9s102.7-2.6 132.1 9c19.6 7.8 34.7 22.9 42.6 42.6 11.7 29.5 9 99.5 9 132.1s2.7 102.7-9 132.1z\"><\/path><\/svg>\t\t\t\t\t<\/a>\n\t\t\t\t<\/span>\n\t\t\t\t\t\t\t<span class=\"elementor-grid-item\" role=\"listitem\">\n\t\t\t\t\t<a class=\"elementor-icon elementor-social-icon elementor-social-icon-linkedin elementor-animation-grow elementor-repeater-item-e69245a\" href=\"https:\/\/es.linkedin.com\/in\/josal-fern%C3%A1ndez-43612b325\" target=\"_blank\">\n\t\t\t\t\t\t<span class=\"elementor-screen-only\">Linkedin<\/span>\n\t\t\t\t\t\t<svg aria-hidden=\"true\" class=\"e-font-icon-svg e-fab-linkedin\" viewbox=\"0 0 448 512\" xmlns=\"http:\/\/www.w3.org\/2000\/svg\"><path d=\"M416 32H31.9C14.3 32 0 46.5 0 64.3v383.4C0 465.5 14.3 480 31.9 480H416c17.6 0 32-14.5 32-32.3V64.3c0-17.8-14.4-32.3-32-32.3zM135.4 416H69V202.2h66.5V416zm-33.2-243c-21.3 0-38.5-17.3-38.5-38.5S80.9 96 102.2 96c21.2 0 38.5 17.3 38.5 38.5 0 21.3-17.2 38.5-38.5 38.5zm282.1 243h-66.4V312c0-24.8-.5-56.7-34.5-56.7-34.6 0-39.9 27-39.9 54.9V416h-66.4V202.2h63.7v29.2h.9c8.9-16.8 30.6-34.5 62.9-34.5 67.2 0 79.7 44.3 79.7 101.9V416z\"><\/path><\/svg>\t\t\t\t\t<\/a>\n\t\t\t\t<\/span>\n\t\t\t\t\t<\/div>\n\t\t\t\t\t\t<\/div>\n\t\t\t\t<\/div>\n\t\t\t\t\t<\/div>\n\t\t\t\t<\/div>\n\t\t\t\t<\/div>","protected":false},"excerpt":{"rendered":"<p>Vamos directos al grano \u00bfC\u00f3mo est\u00e1s?, soy Josal Fern\u00e1ndez. Con 15 a\u00f1os de trayectoria y publicaciones en sellos nacionales e internacionales, entiendo el audio como un lenguaje narrativo fundamental para contar historias. Mi metodolog\u00eda evita t\u00e9cnicas convencionales, priorizando un dise\u00f1o sonoro y una composici\u00f3n con identidad propia. Complemento la fase creativa con experiencia t\u00e9cnica en [&hellip;]<\/p>\n","protected":false},"author":1,"featured_media":0,"parent":0,"menu_order":0,"comment_status":"closed","ping_status":"closed","template":"","meta":{"_monsterinsights_skip_tracking":false,"_monsterinsights_sitenote_active":false,"_monsterinsights_sitenote_note":"","_monsterinsights_sitenote_category":0,"footnotes":""},"class_list":["post-115","page","type-page","status-publish","hentry"],"yoast_head":"<!-- This site is optimized with the Yoast SEO plugin v27.3 - https:\/\/yoast.com\/product\/yoast-seo-wordpress\/ -->\n<title>About lagWare - Enter The Lagware<\/title>\n<meta name=\"robots\" content=\"noindex, nofollow\" \/>\n<meta property=\"og:locale\" content=\"en_US\" \/>\n<meta property=\"og:type\" content=\"article\" \/>\n<meta property=\"og:title\" content=\"About lagWare - Enter The Lagware\" \/>\n<meta property=\"og:description\" content=\"Vamos directos al grano \u00bfC\u00f3mo est\u00e1s?, soy Josal Fern\u00e1ndez. Con 15 a\u00f1os de trayectoria y publicaciones en sellos nacionales e internacionales, entiendo el audio como un lenguaje narrativo fundamental para contar historias. Mi metodolog\u00eda evita t\u00e9cnicas convencionales, priorizando un dise\u00f1o sonoro y una composici\u00f3n con identidad propia. Complemento la fase creativa con experiencia t\u00e9cnica en [&hellip;]\" \/>\n<meta property=\"og:url\" content=\"https:\/\/enterthelagware.com\/en\/about-lagware\/\" \/>\n<meta property=\"og:site_name\" content=\"Enter The Lagware\" \/>\n<meta property=\"article:modified_time\" content=\"2026-03-10T07:37:26+00:00\" \/>\n<meta property=\"og:image\" content=\"https:\/\/enterthelagware.com\/wp-content\/uploads\/2026\/03\/Foto-Sobre-Mi.png\" \/>\n<meta name=\"twitter:card\" content=\"summary_large_image\" \/>\n<meta name=\"twitter:label1\" content=\"Est. reading time\" \/>\n\t<meta name=\"twitter:data1\" content=\"2 minutes\" \/>\n<script type=\"application\/ld+json\" class=\"yoast-schema-graph\">{\"@context\":\"https:\\\/\\\/schema.org\",\"@graph\":[{\"@type\":\"WebPage\",\"@id\":\"https:\\\/\\\/enterthelagware.com\\\/about-lagware\\\/\",\"url\":\"https:\\\/\\\/enterthelagware.com\\\/about-lagware\\\/\",\"name\":\"About lagWare - Enter The Lagware\",\"isPartOf\":{\"@id\":\"https:\\\/\\\/enterthelagware.com\\\/#website\"},\"primaryImageOfPage\":{\"@id\":\"https:\\\/\\\/enterthelagware.com\\\/about-lagware\\\/#primaryimage\"},\"image\":{\"@id\":\"https:\\\/\\\/enterthelagware.com\\\/about-lagware\\\/#primaryimage\"},\"thumbnailUrl\":\"https:\\\/\\\/enterthelagware.com\\\/wp-content\\\/uploads\\\/2026\\\/03\\\/Foto-Sobre-Mi.png\",\"datePublished\":\"2025-09-09T18:55:30+00:00\",\"dateModified\":\"2026-03-10T07:37:26+00:00\",\"breadcrumb\":{\"@id\":\"https:\\\/\\\/enterthelagware.com\\\/about-lagware\\\/#breadcrumb\"},\"inLanguage\":\"en-US\",\"potentialAction\":[{\"@type\":\"ReadAction\",\"target\":[\"https:\\\/\\\/enterthelagware.com\\\/about-lagware\\\/\"]}]},{\"@type\":\"ImageObject\",\"inLanguage\":\"en-US\",\"@id\":\"https:\\\/\\\/enterthelagware.com\\\/about-lagware\\\/#primaryimage\",\"url\":\"https:\\\/\\\/enterthelagware.com\\\/wp-content\\\/uploads\\\/2026\\\/03\\\/Foto-Sobre-Mi.png\",\"contentUrl\":\"https:\\\/\\\/enterthelagware.com\\\/wp-content\\\/uploads\\\/2026\\\/03\\\/Foto-Sobre-Mi.png\"},{\"@type\":\"BreadcrumbList\",\"@id\":\"https:\\\/\\\/enterthelagware.com\\\/about-lagware\\\/#breadcrumb\",\"itemListElement\":[{\"@type\":\"ListItem\",\"position\":1,\"name\":\"Portada\",\"item\":\"https:\\\/\\\/enterthelagware.com\\\/\"},{\"@type\":\"ListItem\",\"position\":2,\"name\":\"About lagWare\"}]},{\"@type\":\"WebSite\",\"@id\":\"https:\\\/\\\/enterthelagware.com\\\/#website\",\"url\":\"https:\\\/\\\/enterthelagware.com\\\/\",\"name\":\"Enter The Lagware\",\"description\":\"\",\"publisher\":{\"@id\":\"https:\\\/\\\/enterthelagware.com\\\/#organization\"},\"potentialAction\":[{\"@type\":\"SearchAction\",\"target\":{\"@type\":\"EntryPoint\",\"urlTemplate\":\"https:\\\/\\\/enterthelagware.com\\\/?s={search_term_string}\"},\"query-input\":{\"@type\":\"PropertyValueSpecification\",\"valueRequired\":true,\"valueName\":\"search_term_string\"}}],\"inLanguage\":\"en-US\"},{\"@type\":\"Organization\",\"@id\":\"https:\\\/\\\/enterthelagware.com\\\/#organization\",\"name\":\"Enter The Lagware\",\"url\":\"https:\\\/\\\/enterthelagware.com\\\/\",\"logo\":{\"@type\":\"ImageObject\",\"inLanguage\":\"en-US\",\"@id\":\"https:\\\/\\\/enterthelagware.com\\\/#\\\/schema\\\/logo\\\/image\\\/\",\"url\":\"https:\\\/\\\/enterthelagware.com\\\/wp-content\\\/uploads\\\/2025\\\/07\\\/etlw-logo-bkf.png\",\"contentUrl\":\"https:\\\/\\\/enterthelagware.com\\\/wp-content\\\/uploads\\\/2025\\\/07\\\/etlw-logo-bkf.png\",\"width\":1000,\"height\":293,\"caption\":\"Enter The Lagware\"},\"image\":{\"@id\":\"https:\\\/\\\/enterthelagware.com\\\/#\\\/schema\\\/logo\\\/image\\\/\"}}]}<\/script>\n<!-- \/ Yoast SEO plugin. -->","yoast_head_json":{"title":"About lagWare - Enter The Lagware","robots":{"index":"noindex","follow":"nofollow"},"og_locale":"en_US","og_type":"article","og_title":"About lagWare - Enter The Lagware","og_description":"Vamos directos al grano \u00bfC\u00f3mo est\u00e1s?, soy Josal Fern\u00e1ndez. Con 15 a\u00f1os de trayectoria y publicaciones en sellos nacionales e internacionales, entiendo el audio como un lenguaje narrativo fundamental para contar historias. Mi metodolog\u00eda evita t\u00e9cnicas convencionales, priorizando un dise\u00f1o sonoro y una composici\u00f3n con identidad propia. Complemento la fase creativa con experiencia t\u00e9cnica en [&hellip;]","og_url":"https:\/\/enterthelagware.com\/en\/about-lagware\/","og_site_name":"Enter The Lagware","article_modified_time":"2026-03-10T07:37:26+00:00","og_image":[{"url":"https:\/\/enterthelagware.com\/wp-content\/uploads\/2026\/03\/Foto-Sobre-Mi.png","type":"","width":"","height":""}],"twitter_card":"summary_large_image","twitter_misc":{"Est. reading time":"2 minutes"},"schema":{"@context":"https:\/\/schema.org","@graph":[{"@type":"WebPage","@id":"https:\/\/enterthelagware.com\/about-lagware\/","url":"https:\/\/enterthelagware.com\/about-lagware\/","name":"About lagWare - Enter The Lagware","isPartOf":{"@id":"https:\/\/enterthelagware.com\/#website"},"primaryImageOfPage":{"@id":"https:\/\/enterthelagware.com\/about-lagware\/#primaryimage"},"image":{"@id":"https:\/\/enterthelagware.com\/about-lagware\/#primaryimage"},"thumbnailUrl":"https:\/\/enterthelagware.com\/wp-content\/uploads\/2026\/03\/Foto-Sobre-Mi.png","datePublished":"2025-09-09T18:55:30+00:00","dateModified":"2026-03-10T07:37:26+00:00","breadcrumb":{"@id":"https:\/\/enterthelagware.com\/about-lagware\/#breadcrumb"},"inLanguage":"en-US","potentialAction":[{"@type":"ReadAction","target":["https:\/\/enterthelagware.com\/about-lagware\/"]}]},{"@type":"ImageObject","inLanguage":"en-US","@id":"https:\/\/enterthelagware.com\/about-lagware\/#primaryimage","url":"https:\/\/enterthelagware.com\/wp-content\/uploads\/2026\/03\/Foto-Sobre-Mi.png","contentUrl":"https:\/\/enterthelagware.com\/wp-content\/uploads\/2026\/03\/Foto-Sobre-Mi.png"},{"@type":"BreadcrumbList","@id":"https:\/\/enterthelagware.com\/about-lagware\/#breadcrumb","itemListElement":[{"@type":"ListItem","position":1,"name":"Portada","item":"https:\/\/enterthelagware.com\/"},{"@type":"ListItem","position":2,"name":"About lagWare"}]},{"@type":"WebSite","@id":"https:\/\/enterthelagware.com\/#website","url":"https:\/\/enterthelagware.com\/","name":"Enter The Lagware","description":"","publisher":{"@id":"https:\/\/enterthelagware.com\/#organization"},"potentialAction":[{"@type":"SearchAction","target":{"@type":"EntryPoint","urlTemplate":"https:\/\/enterthelagware.com\/?s={search_term_string}"},"query-input":{"@type":"PropertyValueSpecification","valueRequired":true,"valueName":"search_term_string"}}],"inLanguage":"en-US"},{"@type":"Organization","@id":"https:\/\/enterthelagware.com\/#organization","name":"Enter The Lagware","url":"https:\/\/enterthelagware.com\/","logo":{"@type":"ImageObject","inLanguage":"en-US","@id":"https:\/\/enterthelagware.com\/#\/schema\/logo\/image\/","url":"https:\/\/enterthelagware.com\/wp-content\/uploads\/2025\/07\/etlw-logo-bkf.png","contentUrl":"https:\/\/enterthelagware.com\/wp-content\/uploads\/2025\/07\/etlw-logo-bkf.png","width":1000,"height":293,"caption":"Enter The Lagware"},"image":{"@id":"https:\/\/enterthelagware.com\/#\/schema\/logo\/image\/"}}]}},"_links":{"self":[{"href":"https:\/\/enterthelagware.com\/en\/wp-json\/wp\/v2\/pages\/115","targetHints":{"allow":["GET"]}}],"collection":[{"href":"https:\/\/enterthelagware.com\/en\/wp-json\/wp\/v2\/pages"}],"about":[{"href":"https:\/\/enterthelagware.com\/en\/wp-json\/wp\/v2\/types\/page"}],"author":[{"embeddable":true,"href":"https:\/\/enterthelagware.com\/en\/wp-json\/wp\/v2\/users\/1"}],"replies":[{"embeddable":true,"href":"https:\/\/enterthelagware.com\/en\/wp-json\/wp\/v2\/comments?post=115"}],"version-history":[{"count":105,"href":"https:\/\/enterthelagware.com\/en\/wp-json\/wp\/v2\/pages\/115\/revisions"}],"predecessor-version":[{"id":1189,"href":"https:\/\/enterthelagware.com\/en\/wp-json\/wp\/v2\/pages\/115\/revisions\/1189"}],"wp:attachment":[{"href":"https:\/\/enterthelagware.com\/en\/wp-json\/wp\/v2\/media?parent=115"}],"curies":[{"name":"wp","href":"https:\/\/api.w.org\/{rel}","templated":true}]}}