{"id":195,"date":"2025-09-08T17:20:58","date_gmt":"2025-09-08T17:20:58","guid":{"rendered":"https:\/\/enterthelagware.com\/?page_id=195"},"modified":"2025-11-04T11:27:54","modified_gmt":"2025-11-04T11:27:54","slug":"legal-notice","status":"publish","type":"page","link":"https:\/\/enterthelagware.com\/en\/legal-notice\/","title":{"rendered":"Legal Notice"},"content":{"rendered":"<div data-elementor-type=\"wp-page\" data-elementor-id=\"195\" class=\"elementor elementor-195\">\n\t\t\t\t<div class=\"elementor-element elementor-element-39db607 e-flex e-con-boxed e-con e-parent\" data-id=\"39db607\" data-element_type=\"container\" data-e-type=\"container\">\n\t\t\t\t\t<div class=\"e-con-inner\">\n\t\t\t\t<div class=\"elementor-element elementor-element-35d430b elementor-widget elementor-widget-heading\" data-id=\"35d430b\" data-element_type=\"widget\" data-e-type=\"widget\" data-widget_type=\"heading.default\">\n\t\t\t\t\t<h1 class=\"elementor-heading-title elementor-size-default\">Legal Notice<\/h1>\t\t\t\t<\/div>\n\t\t\t\t<div class=\"elementor-element elementor-element-06fb481 elementor-widget elementor-widget-text-editor\" data-id=\"06fb481\" data-element_type=\"widget\" data-e-type=\"widget\" data-widget_type=\"text-editor.default\">\n\t\t\t\t\t\t\t\t\t<p><span style=\"font-weight: 400;\">On this page, you can find all the information regarding who is responsible for this website, the legal terms and conditions that define our relationship as a user, and the activities carried out on it.<\/span><\/p><p><span style=\"font-weight: 400;\">The services and\/or products are available only to legal entities and individuals who are 18 years or older.<\/span><\/p><p><span style=\"font-weight: 400;\">As a user, it is important that you understand these terms before continuing to browse the site.<\/span><\/p>\t\t\t\t\t\t\t\t<\/div>\n\t\t\t\t\t<\/div>\n\t\t\t\t<\/div>\n\t\t<div class=\"elementor-element elementor-element-0bf86fb e-flex e-con-boxed e-con e-parent\" data-id=\"0bf86fb\" data-element_type=\"container\" data-e-type=\"container\">\n\t\t\t\t\t<div class=\"e-con-inner\">\n\t\t\t\t<div class=\"elementor-element elementor-element-32047d9 elementor-widget elementor-widget-heading\" data-id=\"32047d9\" data-element_type=\"widget\" data-e-type=\"widget\" data-widget_type=\"heading.default\">\n\t\t\t\t\t<h3 class=\"elementor-heading-title elementor-size-default\">Identifying Information of the Responsible Party<\/h3>\t\t\t\t<\/div>\n\t\t\t\t<div class=\"elementor-element elementor-element-569cd2d elementor-widget elementor-widget-text-editor\" data-id=\"569cd2d\" data-element_type=\"widget\" data-e-type=\"widget\" data-widget_type=\"text-editor.default\">\n\t\t\t\t\t\t\t\t\t<p><span style=\"font-weight: 400;\">This website offers full transparency, so I am providing my information as the person responsible for this site:<\/span><\/p><ul><li style=\"font-weight: 400;\" aria-level=\"1\"><b>Identity of the Responsible Party<\/b><span style=\"font-weight: 400;\">: Jos\u00e9 Alberto Aragon\u00e9s Fern\u00e1ndez, hereinafter referred to as the website owner<\/span><\/li><li style=\"font-weight: 400;\" aria-level=\"1\"><b>ID<\/b><span style=\"font-weight: 400;\">: 06282870-Y<\/span><\/li><li style=\"font-weight: 400;\" aria-level=\"1\"><b>Registered Address<\/b><span style=\"font-weight: 400;\"> in Calle Pico Agudo n\u00ba 14, 33405 (Asturias, Spain)<\/span><\/li><li style=\"font-weight: 400;\" aria-level=\"1\"><b>Contact Email<\/b><span>: josalfernandez@enterthelagware.com<\/span><\/li><\/ul>\t\t\t\t\t\t\t\t<\/div>\n\t\t\t\t\t<\/div>\n\t\t\t\t<\/div>\n\t\t<div class=\"elementor-element elementor-element-49a85dd e-flex e-con-boxed e-con e-parent\" data-id=\"49a85dd\" data-element_type=\"container\" data-e-type=\"container\">\n\t\t\t\t\t<div class=\"e-con-inner\">\n\t\t\t\t<div class=\"elementor-element elementor-element-65486f7 elementor-widget elementor-widget-heading\" data-id=\"65486f7\" data-element_type=\"widget\" data-e-type=\"widget\" data-widget_type=\"heading.default\">\n\t\t\t\t\t<h3 class=\"elementor-heading-title elementor-size-default\">Website Usage Rules<\/h3>\t\t\t\t<\/div>\n\t\t\t\t<div class=\"elementor-element elementor-element-f85bffa elementor-widget elementor-widget-text-editor\" data-id=\"f85bffa\" data-element_type=\"widget\" data-e-type=\"widget\" data-widget_type=\"text-editor.default\">\n\t\t\t\t\t\t\t\t\t<p><span style=\"font-weight: 400;\">This website serves as our \u201conline office,\u201d so there are rules to follow to avoid harming its image or purpose, or compromising its security.\u00a0<\/span><\/p><p><span style=\"font-weight: 400;\">To be more specific:<\/span><\/p><ul><li style=\"font-weight: 400;\" aria-level=\"1\"><b>Take care of the website<\/b><span style=\"font-weight: 400;\">: Using the website for illegal or harmful purposes, or in any way that could cause damage or disrupt its normal operation, is prohibited.<\/span><\/li><li style=\"font-weight: 400;\" aria-level=\"1\"><b>Take care of yourself\/us\/others<\/b><span style=\"font-weight: 400;\">: You may not engage in conduct that harms our rights and interests, those of other users, or third parties, or that in any way could damage, disable, overload, or impair https:\/\/www.enterthelagware.com, or prevent its normal use or enjoyment by other users.<\/span><\/li><li style=\"font-weight: 400;\" aria-level=\"1\"><b>Protect and Respect Our Content<\/b><span style=\"font-weight: 400;\">: All website content is protected by copyright, meaning you may not reproduce, distribute, or modify the content of the website and blog, in whole or in part, unless you have the authorization of the website owner.<\/span><\/li><li style=\"font-weight: 400;\" aria-level=\"1\"><b>The commercial\/employment relationship is established upon acquisition<\/b><span style=\"font-weight: 400;\">: merely browsing the website does not constitute the initiation of a commercial or labor relationship between us, just as<\/span><span style=\"font-weight: 400;\">\u00a0purchasing any of our products or services does not. <\/span><\/li><li style=\"font-weight: 400;\" aria-level=\"1\"><b>You must be over 18 years old to purchase products<span style=\"font-weight: 400;\">: By purchasing any of our products or services, you declare that you are over 18 years old and have the legal capacity to enter into contracts through this website.<\/span><\/b><\/li><\/ul>\t\t\t\t\t\t\t\t<\/div>\n\t\t\t\t\t<\/div>\n\t\t\t\t<\/div>\n\t\t<div class=\"elementor-element elementor-element-69ee35d e-flex e-con-boxed e-con e-parent\" data-id=\"69ee35d\" data-element_type=\"container\" data-e-type=\"container\">\n\t\t\t\t\t<div class=\"e-con-inner\">\n\t\t\t\t<div class=\"elementor-element elementor-element-98d7d7f elementor-widget elementor-widget-heading\" data-id=\"98d7d7f\" data-element_type=\"widget\" data-e-type=\"widget\" data-widget_type=\"heading.default\">\n\t\t\t\t\t<h3 class=\"elementor-heading-title elementor-size-default\">Personal Data Collected on the Website<\/h3>\t\t\t\t<\/div>\n\t\t\t\t<div class=\"elementor-element elementor-element-bd97ce9 elementor-widget elementor-widget-text-editor\" data-id=\"bd97ce9\" data-element_type=\"widget\" data-e-type=\"widget\" data-widget_type=\"text-editor.default\">\n\t\t\t\t\t\t\t\t\t<p><span style=\"font-weight: 400;\">I detail them in the Privacy Policy.<\/span><\/p><p><span style=\"font-weight: 400;\">A secure channel is used, and the transmitted data is encrypted thanks to HTTPS protocols. This ensures the best security conditions to guarantee user confidentiality.<\/span><\/p>\t\t\t\t\t\t\t\t<\/div>\n\t\t\t\t\t<\/div>\n\t\t\t\t<\/div>\n\t\t<div class=\"elementor-element elementor-element-7ebb668 e-flex e-con-boxed e-con e-parent\" data-id=\"7ebb668\" data-element_type=\"container\" data-e-type=\"container\">\n\t\t\t\t\t<div class=\"e-con-inner\">\n\t\t\t\t<div class=\"elementor-element elementor-element-03d29ad elementor-widget elementor-widget-heading\" data-id=\"03d29ad\" data-element_type=\"widget\" data-e-type=\"widget\" data-widget_type=\"heading.default\">\n\t\t\t\t\t<h3 class=\"elementor-heading-title elementor-size-default\">Exclusion of Warranties and Liability<\/h3>\t\t\t\t<\/div>\n\t\t\t\t<div class=\"elementor-element elementor-element-2b4852a elementor-widget elementor-widget-text-editor\" data-id=\"2b4852a\" data-element_type=\"widget\" data-e-type=\"widget\" data-widget_type=\"text-editor.default\">\n\t\t\t\t\t\t\t\t\t<p><span style=\"font-weight: 400;\">The Owner does not grant any warranty or accept liability, under any circumstances, for damages of any kind that may result from:<\/span><\/p><ul><li style=\"font-weight: 400;\" aria-level=\"1\"><span style=\"font-weight: 400;\">The lack of availability, maintenance, or effective operation of the website, or its services and content.<\/span><\/li><li style=\"font-weight: 400;\" aria-level=\"1\"><span style=\"font-weight: 400;\">The existence of malware, malicious, or harmful programs in the content.<\/span><\/li><li style=\"font-weight: 400;\" aria-level=\"1\"><span style=\"font-weight: 400;\">Unlawful, negligent, or fraudulent use, or use contrary to this Legal Notice.<\/span><\/li><li style=\"font-weight: 400;\" aria-level=\"1\"><span style=\"font-weight: 400;\">The lack of lawfulness, quality, reliability, usefulness, or availability of the services provided by third parties and made available to users on the website.<\/span><\/li><li style=\"font-weight: 400;\" aria-level=\"1\"><span style=\"font-weight: 400;\">From the illegal or improper use of the website.<\/span><\/li><\/ul><p>\u00a0<\/p><p><span style=\"font-weight: 400;\">https:\/\/www.enterthelagware.com is not intended for minors, and therefore, I decline any responsibility for non-compliance with this requirement.<\/span><\/p>\t\t\t\t\t\t\t\t<\/div>\n\t\t\t\t\t<\/div>\n\t\t\t\t<\/div>\n\t\t<div class=\"elementor-element elementor-element-fb15530 e-flex e-con-boxed e-con e-parent\" data-id=\"fb15530\" data-element_type=\"container\" data-e-type=\"container\">\n\t\t\t\t\t<div class=\"e-con-inner\">\n\t\t\t\t<div class=\"elementor-element elementor-element-4543aae elementor-widget elementor-widget-heading\" data-id=\"4543aae\" data-element_type=\"widget\" data-e-type=\"widget\" data-widget_type=\"heading.default\">\n\t\t\t\t\t<h3 class=\"elementor-heading-title elementor-size-default\">Intellectual and Industrial Property<\/h3>\t\t\t\t<\/div>\n\t\t\t\t<div class=\"elementor-element elementor-element-a3b8ba3 elementor-widget elementor-widget-text-editor\" data-id=\"a3b8ba3\" data-element_type=\"widget\" data-e-type=\"widget\" data-widget_type=\"text-editor.default\">\n\t\t\t\t\t\t\t\t\t<p><span style=\"font-weight: 400;\">All content is registered with Safe Creative by the owner.<\/span><\/p><p><span style=\"font-weight: 400;\">The reproduction, distribution, and public communication, including the specific modality of making them available to the public, of all or part of the contents of this website, for commercial purposes, on any medium and by any technical means, are expressly prohibited without the owner's authorization.\u00a0<\/span><\/p><p><span style=\"font-weight: 400;\">You agree to respect the Intellectual and Industrial Property rights held by the owner.<\/span><\/p><p><span style=\"font-weight: 400;\">You acknowledge and accept that the entirety of the website, including but not limited to the text, copywriting, blog posts, content (including the structure, selection, organization, and presentation thereof), podcasts, photographs, audiovisual material, and graphics, is protected by trademarks, copyrights, and other legitimate rights, in accordance with the international treaties to which Spain is a party and other property rights and laws of Spain.<\/span><\/p><p><b>Have you observed any rights violation?<\/b><\/p><p><span style=\"font-weight: 400;\">My content and that of my collaborators are always original. However, should you consider that a violation of your legitimate intellectual property rights has occurred due to the inclusion of specific content on the website, you must notify this circumstance by sending an email to josalfernandez@enterthelagware.com, indicating the following:<\/span><\/p><ul><li style=\"font-weight: 400;\" aria-level=\"1\"><span style=\"font-weight: 400;\">Personal details of the interested party who owns the allegedly infringed rights.<\/span><\/li><li style=\"font-weight: 400;\" aria-level=\"1\"><span style=\"font-weight: 400;\">The content protected by intellectual property rights and its location on the website.<\/span><\/li><li style=\"font-weight: 400;\" aria-level=\"1\"><span style=\"font-weight: 400;\">\u00a0<\/span><span style=\"font-weight: 400;\">Proof of the intellectual property rights cited.<\/span><\/li><li style=\"font-weight: 400;\" aria-level=\"1\"><span style=\"font-weight: 400;\">An express declaration in which the interested party assumes responsibility for the accuracy of the information provided in the notification.<\/span><\/li><\/ul>\t\t\t\t\t\t\t\t<\/div>\n\t\t\t\t\t<\/div>\n\t\t\t\t<\/div>\n\t\t<div class=\"elementor-element elementor-element-5b05658 e-flex e-con-boxed e-con e-parent\" data-id=\"5b05658\" data-element_type=\"container\" data-e-type=\"container\">\n\t\t\t\t\t<div class=\"e-con-inner\">\n\t\t\t\t<div class=\"elementor-element elementor-element-8372b7b elementor-widget elementor-widget-heading\" data-id=\"8372b7b\" data-element_type=\"widget\" data-e-type=\"widget\" data-widget_type=\"heading.default\">\n\t\t\t\t\t<h3 class=\"elementor-heading-title elementor-size-default\">Dispute Resolution Platform<\/h3>\t\t\t\t<\/div>\n\t\t\t\t<div class=\"elementor-element elementor-element-befb4cc elementor-widget elementor-widget-text-editor\" data-id=\"befb4cc\" data-element_type=\"widget\" data-e-type=\"widget\" data-widget_type=\"text-editor.default\">\n\t\t\t\t\t\t\t\t\t<p><span style=\"font-weight: 400;\">I also make available to users the dispute resolution platform provided by the European Commission, which is available at the following link: <\/span><a href=\"http:\/\/ec.europa.eu\/consumers\/odr\/\"><span style=\"font-weight: 400;\">http:\/\/ec.europa.eu\/consumers\/odr\/<\/span><\/a><\/p>\t\t\t\t\t\t\t\t<\/div>\n\t\t\t\t\t<\/div>\n\t\t\t\t<\/div>\n\t\t<div class=\"elementor-element elementor-element-a6b535c e-flex e-con-boxed e-con e-parent\" data-id=\"a6b535c\" data-element_type=\"container\" data-e-type=\"container\">\n\t\t\t\t\t<div class=\"e-con-inner\">\n\t\t\t\t<div class=\"elementor-element elementor-element-2b7206d elementor-widget elementor-widget-text-editor\" data-id=\"2b7206d\" data-element_type=\"widget\" data-e-type=\"widget\" data-widget_type=\"text-editor.default\">\n\t\t\t\t\t\t\t\t\t<i><span style=\"font-weight: 400; font-size: 13px;\">\u00a9 <\/span><\/i><i><span style=\"font-weight: 400; font-size: 13px;\">These legal texts are protected by copyright and have been specifically developed for Legalidad Online\u2019s clients. You may <\/span><\/i><a href=\"https:\/\/legalidadonline.com\/plantillas-textos-legales-web\/\"><b><i style=\"font-size: 13px;\">purchase the template here, along with its accompanying explanations.<\/i><\/b><\/a><i><span style=\"font-weight: 400; font-size: 13px;\">, so they can be tailored to your business.<\/span><\/i>\t\t\t\t\t\t\t\t<\/div>\n\t\t\t\t\t<\/div>\n\t\t\t\t<\/div>\n\t\t\t\t<\/div>","protected":false},"excerpt":{"rendered":"<p>Aviso legal En esta p\u00e1gina podr\u00e1s encontrar toda la informaci\u00f3n relativa a qui\u00e9n es el responsable de esta web, los t\u00e9rminos y condiciones legales que definen nuestra relaci\u00f3n como usuario y las actividades que desarrollo en ella. Los servicios y\/o productos est\u00e1n disponibles s\u00f3lo para las personas jur\u00eddicas y las personas que tengan 18 a\u00f1os. [&hellip;]<\/p>\n","protected":false},"author":1,"featured_media":0,"parent":0,"menu_order":0,"comment_status":"closed","ping_status":"closed","template":"","meta":{"_monsterinsights_skip_tracking":false,"_monsterinsights_sitenote_active":false,"_monsterinsights_sitenote_note":"","_monsterinsights_sitenote_category":0,"footnotes":""},"class_list":["post-195","page","type-page","status-publish","hentry"],"yoast_head":"<!-- This site is optimized with the Yoast SEO plugin v27.3 - https:\/\/yoast.com\/product\/yoast-seo-wordpress\/ -->\n<title>Legal Notice - Enter The Lagware<\/title>\n<meta name=\"robots\" content=\"noindex, nofollow\" \/>\n<meta property=\"og:locale\" content=\"en_US\" \/>\n<meta property=\"og:type\" content=\"article\" \/>\n<meta property=\"og:title\" content=\"Legal Notice - Enter The Lagware\" \/>\n<meta property=\"og:description\" content=\"Aviso legal En esta p\u00e1gina podr\u00e1s encontrar toda la informaci\u00f3n relativa a qui\u00e9n es el responsable de esta web, los t\u00e9rminos y condiciones legales que definen nuestra relaci\u00f3n como usuario y las actividades que desarrollo en ella. Los servicios y\/o productos est\u00e1n disponibles s\u00f3lo para las personas jur\u00eddicas y las personas que tengan 18 a\u00f1os. [&hellip;]\" \/>\n<meta property=\"og:url\" content=\"https:\/\/enterthelagware.com\/en\/legal-notice\/\" \/>\n<meta property=\"og:site_name\" content=\"Enter The Lagware\" \/>\n<meta property=\"article:modified_time\" content=\"2025-11-04T11:27:54+00:00\" \/>\n<meta name=\"twitter:card\" content=\"summary_large_image\" \/>\n<meta name=\"twitter:label1\" content=\"Est. reading time\" \/>\n\t<meta name=\"twitter:data1\" content=\"4 minutes\" \/>\n<script type=\"application\/ld+json\" class=\"yoast-schema-graph\">{\"@context\":\"https:\\\/\\\/schema.org\",\"@graph\":[{\"@type\":\"WebPage\",\"@id\":\"https:\\\/\\\/enterthelagware.com\\\/en\\\/legal-notice\\\/\",\"url\":\"https:\\\/\\\/enterthelagware.com\\\/en\\\/legal-notice\\\/\",\"name\":\"Legal Notice - Enter The Lagware\",\"isPartOf\":{\"@id\":\"https:\\\/\\\/enterthelagware.com\\\/#website\"},\"datePublished\":\"2025-09-08T17:20:58+00:00\",\"dateModified\":\"2025-11-04T11:27:54+00:00\",\"breadcrumb\":{\"@id\":\"https:\\\/\\\/enterthelagware.com\\\/en\\\/legal-notice\\\/#breadcrumb\"},\"inLanguage\":\"en-US\",\"potentialAction\":[{\"@type\":\"ReadAction\",\"target\":[\"https:\\\/\\\/enterthelagware.com\\\/en\\\/legal-notice\\\/\"]}]},{\"@type\":\"BreadcrumbList\",\"@id\":\"https:\\\/\\\/enterthelagware.com\\\/en\\\/legal-notice\\\/#breadcrumb\",\"itemListElement\":[{\"@type\":\"ListItem\",\"position\":1,\"name\":\"Portada\",\"item\":\"https:\\\/\\\/enterthelagware.com\\\/\"},{\"@type\":\"ListItem\",\"position\":2,\"name\":\"Legal Notice\"}]},{\"@type\":\"WebSite\",\"@id\":\"https:\\\/\\\/enterthelagware.com\\\/#website\",\"url\":\"https:\\\/\\\/enterthelagware.com\\\/\",\"name\":\"Enter The Lagware\",\"description\":\"\",\"publisher\":{\"@id\":\"https:\\\/\\\/enterthelagware.com\\\/#organization\"},\"potentialAction\":[{\"@type\":\"SearchAction\",\"target\":{\"@type\":\"EntryPoint\",\"urlTemplate\":\"https:\\\/\\\/enterthelagware.com\\\/?s={search_term_string}\"},\"query-input\":{\"@type\":\"PropertyValueSpecification\",\"valueRequired\":true,\"valueName\":\"search_term_string\"}}],\"inLanguage\":\"en-US\"},{\"@type\":\"Organization\",\"@id\":\"https:\\\/\\\/enterthelagware.com\\\/#organization\",\"name\":\"Enter The Lagware\",\"url\":\"https:\\\/\\\/enterthelagware.com\\\/\",\"logo\":{\"@type\":\"ImageObject\",\"inLanguage\":\"en-US\",\"@id\":\"https:\\\/\\\/enterthelagware.com\\\/#\\\/schema\\\/logo\\\/image\\\/\",\"url\":\"https:\\\/\\\/enterthelagware.com\\\/wp-content\\\/uploads\\\/2025\\\/07\\\/etlw-logo-bkf.png\",\"contentUrl\":\"https:\\\/\\\/enterthelagware.com\\\/wp-content\\\/uploads\\\/2025\\\/07\\\/etlw-logo-bkf.png\",\"width\":1000,\"height\":293,\"caption\":\"Enter The Lagware\"},\"image\":{\"@id\":\"https:\\\/\\\/enterthelagware.com\\\/#\\\/schema\\\/logo\\\/image\\\/\"}}]}<\/script>\n<!-- \/ Yoast SEO plugin. -->","yoast_head_json":{"title":"Legal Notice - Enter The Lagware","robots":{"index":"noindex","follow":"nofollow"},"og_locale":"en_US","og_type":"article","og_title":"Legal Notice - Enter The Lagware","og_description":"Aviso legal En esta p\u00e1gina podr\u00e1s encontrar toda la informaci\u00f3n relativa a qui\u00e9n es el responsable de esta web, los t\u00e9rminos y condiciones legales que definen nuestra relaci\u00f3n como usuario y las actividades que desarrollo en ella. Los servicios y\/o productos est\u00e1n disponibles s\u00f3lo para las personas jur\u00eddicas y las personas que tengan 18 a\u00f1os. [&hellip;]","og_url":"https:\/\/enterthelagware.com\/en\/legal-notice\/","og_site_name":"Enter The Lagware","article_modified_time":"2025-11-04T11:27:54+00:00","twitter_card":"summary_large_image","twitter_misc":{"Est. reading time":"4 minutes"},"schema":{"@context":"https:\/\/schema.org","@graph":[{"@type":"WebPage","@id":"https:\/\/enterthelagware.com\/en\/legal-notice\/","url":"https:\/\/enterthelagware.com\/en\/legal-notice\/","name":"Legal Notice - Enter The Lagware","isPartOf":{"@id":"https:\/\/enterthelagware.com\/#website"},"datePublished":"2025-09-08T17:20:58+00:00","dateModified":"2025-11-04T11:27:54+00:00","breadcrumb":{"@id":"https:\/\/enterthelagware.com\/en\/legal-notice\/#breadcrumb"},"inLanguage":"en-US","potentialAction":[{"@type":"ReadAction","target":["https:\/\/enterthelagware.com\/en\/legal-notice\/"]}]},{"@type":"BreadcrumbList","@id":"https:\/\/enterthelagware.com\/en\/legal-notice\/#breadcrumb","itemListElement":[{"@type":"ListItem","position":1,"name":"Portada","item":"https:\/\/enterthelagware.com\/"},{"@type":"ListItem","position":2,"name":"Legal Notice"}]},{"@type":"WebSite","@id":"https:\/\/enterthelagware.com\/#website","url":"https:\/\/enterthelagware.com\/","name":"Enter The Lagware","description":"","publisher":{"@id":"https:\/\/enterthelagware.com\/#organization"},"potentialAction":[{"@type":"SearchAction","target":{"@type":"EntryPoint","urlTemplate":"https:\/\/enterthelagware.com\/?s={search_term_string}"},"query-input":{"@type":"PropertyValueSpecification","valueRequired":true,"valueName":"search_term_string"}}],"inLanguage":"en-US"},{"@type":"Organization","@id":"https:\/\/enterthelagware.com\/#organization","name":"Enter The Lagware","url":"https:\/\/enterthelagware.com\/","logo":{"@type":"ImageObject","inLanguage":"en-US","@id":"https:\/\/enterthelagware.com\/#\/schema\/logo\/image\/","url":"https:\/\/enterthelagware.com\/wp-content\/uploads\/2025\/07\/etlw-logo-bkf.png","contentUrl":"https:\/\/enterthelagware.com\/wp-content\/uploads\/2025\/07\/etlw-logo-bkf.png","width":1000,"height":293,"caption":"Enter The Lagware"},"image":{"@id":"https:\/\/enterthelagware.com\/#\/schema\/logo\/image\/"}}]}},"_links":{"self":[{"href":"https:\/\/enterthelagware.com\/en\/wp-json\/wp\/v2\/pages\/195","targetHints":{"allow":["GET"]}}],"collection":[{"href":"https:\/\/enterthelagware.com\/en\/wp-json\/wp\/v2\/pages"}],"about":[{"href":"https:\/\/enterthelagware.com\/en\/wp-json\/wp\/v2\/types\/page"}],"author":[{"embeddable":true,"href":"https:\/\/enterthelagware.com\/en\/wp-json\/wp\/v2\/users\/1"}],"replies":[{"embeddable":true,"href":"https:\/\/enterthelagware.com\/en\/wp-json\/wp\/v2\/comments?post=195"}],"version-history":[{"count":12,"href":"https:\/\/enterthelagware.com\/en\/wp-json\/wp\/v2\/pages\/195\/revisions"}],"predecessor-version":[{"id":1260,"href":"https:\/\/enterthelagware.com\/en\/wp-json\/wp\/v2\/pages\/195\/revisions\/1260"}],"wp:attachment":[{"href":"https:\/\/enterthelagware.com\/en\/wp-json\/wp\/v2\/media?parent=195"}],"curies":[{"name":"wp","href":"https:\/\/api.w.org\/{rel}","templated":true}]}}