{"id":201,"date":"2025-09-08T17:34:21","date_gmt":"2025-09-08T17:34:21","guid":{"rendered":"https:\/\/enterthelagware.com\/?page_id=201"},"modified":"2025-10-18T09:15:27","modified_gmt":"2025-10-18T09:15:27","slug":"cookie-policy","status":"publish","type":"page","link":"https:\/\/enterthelagware.com\/en\/cookie-policy\/","title":{"rendered":"Cookie Policy"},"content":{"rendered":"<div data-elementor-type=\"wp-page\" data-elementor-id=\"201\" class=\"elementor elementor-201\">\n\t\t\t\t<div class=\"elementor-element elementor-element-207165e e-flex e-con-boxed e-con e-parent\" data-id=\"207165e\" data-element_type=\"container\" data-e-type=\"container\">\n\t\t\t\t\t<div class=\"e-con-inner\">\n\t\t\t\t<div class=\"elementor-element elementor-element-e0583eb elementor-widget elementor-widget-heading\" data-id=\"e0583eb\" data-element_type=\"widget\" data-e-type=\"widget\" data-widget_type=\"heading.default\">\n\t\t\t\t\t<h1 class=\"elementor-heading-title elementor-size-default\">Cookie Policy<\/h1>\t\t\t\t<\/div>\n\t\t\t\t<div class=\"elementor-element elementor-element-eadc2c5 elementor-widget elementor-widget-text-editor\" data-id=\"eadc2c5\" data-element_type=\"widget\" data-e-type=\"widget\" data-widget_type=\"text-editor.default\">\n\t\t\t\t\t\t\t\t\t<p><span style=\"font-weight: 400;\">This website uses cookies to personalize content and ads, provide social media features, and analyze traffic. We also share information about your use of our site with our social media, advertising, and analytics partners, who may combine it with other information you\u2019ve provided to them or that they\u2019ve collected from your use of their services.<\/span><\/p><p><span style=\"font-weight: 400;\">We use both our own and third-party cookies. The necessary ones are installed automatically, while the rest require your consent, as they help personalize content, advertising, and promotions.<\/span><\/p><p><span style=\"font-weight: 400;\">You can change or withdraw your consent at any time through the Cookie Declaration.<\/span><\/p>\t\t\t\t\t\t\t\t<\/div>\n\t\t\t\t\t<\/div>\n\t\t\t\t<\/div>\n\t\t<div class=\"elementor-element elementor-element-e47a6d8 e-flex e-con-boxed e-con e-parent\" data-id=\"e47a6d8\" data-element_type=\"container\" data-e-type=\"container\">\n\t\t\t\t\t<div class=\"e-con-inner\">\n\t\t\t\t<div class=\"elementor-element elementor-element-9778e4b elementor-widget elementor-widget-heading\" data-id=\"9778e4b\" data-element_type=\"widget\" data-e-type=\"widget\" data-widget_type=\"heading.default\">\n\t\t\t\t\t<h3 class=\"elementor-heading-title elementor-size-default\">What are cookies and what are they used for?<\/h3>\t\t\t\t<\/div>\n\t\t\t\t<div class=\"elementor-element elementor-element-e918533 elementor-widget elementor-widget-text-editor\" data-id=\"e918533\" data-element_type=\"widget\" data-e-type=\"widget\" data-widget_type=\"text-editor.default\">\n\t\t\t\t\t\t\t\t\t<p><span style=\"font-weight: 400;\">Cookies are small data files stored on your device when you visit certain websites. They are used to record specific interactions with the website by saving data that can later be updated or retrieved. These files are stored on your computer and contain anonymous information that is not harmful to your device.\n\nIn fact, if you usually browse using Chrome and then visit the same website using Firefox, the site won\u2019t recognize you as the same user \u2014 because the information is actually linked to the browser, not to the person.<\/span><\/p><p><span style=\"font-weight: 400;\">The cookies on this website help to:<\/span><\/p><ul><li style=\"font-weight: 400;\" aria-level=\"1\"><span style=\"font-weight: 400;\">\u00a0<\/span><span style=\"font-weight: 400;\">Ensure that this website functions properly<\/span><\/li><li style=\"font-weight: 400;\" aria-level=\"1\"><span style=\"font-weight: 400;\">Save you time by eliminating the need to log in every time you visit the website<\/span><\/li><li style=\"font-weight: 400;\" aria-level=\"1\"><span style=\"font-weight: 400;\">Remember your settings during and between visits<\/span><\/li><li style=\"font-weight: 400;\" aria-level=\"1\"><span style=\"font-weight: 400;\">Allow you to view videos<\/span><\/li><li style=\"font-weight: 400;\" aria-level=\"1\"><span style=\"font-weight: 400;\">Improve the website\u2019s speed and security<\/span><\/li><li style=\"font-weight: 400;\" aria-level=\"1\"><span style=\"font-weight: 400;\">Enable you to share the website\u2019s content on social media<\/span><\/li><li style=\"font-weight: 400;\" aria-level=\"1\"><span style=\"font-weight: 400;\">Continuously improve the website through ongoing analytics<\/span><\/li><li style=\"font-weight: 400;\" aria-level=\"1\"><span style=\"font-weight: 400;\">Show you ads based on your browsing habits on the website<\/span><\/li><li style=\"font-weight: 400;\" aria-level=\"1\"><span style=\"font-weight: 400;\">Generate revenue through affiliate programs<\/span><\/li><li style=\"font-weight: 400;\" aria-level=\"1\"><span style=\"font-weight: 400;\">Allow you to post comments (Disqus cookies)<\/span><\/li><\/ul><p>\u00a0<\/p><p><span style=\"font-weight: 400;\">I will never use cookies to:<\/span><\/p><ul><li style=\"font-weight: 400;\" aria-level=\"1\"><span style=\"font-weight: 400;\">Collect personally identifiable information without your explicit consent<\/span><\/li><li style=\"font-weight: 400;\" aria-level=\"1\"><span style=\"font-weight: 400;\">Collect sensitive information without your explicit consent<\/span><\/li><li style=\"font-weight: 400;\" aria-level=\"1\"><span style=\"font-weight: 400;\">Share personally identifiable data with third parties<\/span><\/li><\/ul>\t\t\t\t\t\t\t\t<\/div>\n\t\t\t\t\t<\/div>\n\t\t\t\t<\/div>\n\t\t<div class=\"elementor-element elementor-element-793a6f2 e-flex e-con-boxed e-con e-parent\" data-id=\"793a6f2\" data-element_type=\"container\" data-e-type=\"container\">\n\t\t\t\t\t<div class=\"e-con-inner\">\n\t\t\t\t<div class=\"elementor-element elementor-element-754fc08 elementor-widget elementor-widget-heading\" data-id=\"754fc08\" data-element_type=\"widget\" data-e-type=\"widget\" data-widget_type=\"heading.default\">\n\t\t\t\t\t<h3 class=\"elementor-heading-title elementor-size-default\">What types of cookies are there?<\/h3>\t\t\t\t<\/div>\n\t\t\t\t<div class=\"elementor-element elementor-element-97c2773 elementor-widget elementor-widget-text-editor\" data-id=\"97c2773\" data-element_type=\"widget\" data-e-type=\"widget\" data-widget_type=\"text-editor.default\">\n\t\t\t\t\t\t\t\t\t<ul><li style=\"font-weight: 400;\" aria-level=\"1\"><b>First-party cookies<\/b><span style=\"font-weight: 400;\">: These are cookies sent to the user\u2019s device from a computer or domain managed by the website\u2019s owner, from which the requested service is provided.<\/span><\/li><li style=\"font-weight: 400;\" aria-level=\"1\"><b>Session cookies:<\/b><span style=\"font-weight: 400;\"> These are necessary for the proper functioning of the website, allowing uninterrupted navigation while remembering language or country preferences. They are used to identify a single temporary user session or browsing session.<\/span><\/li><li style=\"font-weight: 400;\" aria-level=\"1\"><b>Technical cookies:<\/b><span style=\"font-weight: 400;\"> These are the most basic cookies and allow the website to distinguish, among other things, whether the visitor is a human or an automated application, and whether the user is anonymous or logged in\u2014basic functions necessary for any dynamic website to operate properly.<\/span><\/li><li style=\"font-weight: 400;\" aria-level=\"1\"><b>Analytics cookies:<\/b><span style=\"font-weight: 400;\"> They collect information about your browsing behavior \u2014 such as the sections you visit most often, products viewed, time of access, language preferences, and more.<\/span><\/li><li style=\"font-weight: 400;\" aria-level=\"1\"><b>Advertising cookies:<\/b><span> They display advertisements based on your browsing behavior, country of origin, language, and other factors.<\/span><\/li><\/ul>\t\t\t\t\t\t\t\t<\/div>\n\t\t\t\t\t<\/div>\n\t\t\t\t<\/div>\n\t\t<div class=\"elementor-element elementor-element-3469728 e-flex e-con-boxed e-con e-parent\" data-id=\"3469728\" data-element_type=\"container\" data-e-type=\"container\">\n\t\t\t\t\t<div class=\"e-con-inner\">\n\t\t\t\t<div class=\"elementor-element elementor-element-fae779e elementor-widget elementor-widget-heading\" data-id=\"fae779e\" data-element_type=\"widget\" data-e-type=\"widget\" data-widget_type=\"heading.default\">\n\t\t\t\t\t<h3 class=\"elementor-heading-title elementor-size-default\">How to delete all cookies<\/h3>\t\t\t\t<\/div>\n\t\t\t\t<div class=\"elementor-element elementor-element-f9eb0c6 elementor-widget elementor-widget-text-editor\" data-id=\"f9eb0c6\" data-element_type=\"widget\" data-e-type=\"widget\" data-widget_type=\"text-editor.default\">\n\t\t\t\t\t\t\t\t\t<p><span style=\"font-weight: 400;\">You can delete and\/or block cookies for all your browsing activity or for a specific website domain.<\/span><\/p><p><span style=\"font-weight: 400;\">You need to configure this in each browser, as settings vary between them. Check the help section of each browser for specific instructions.\u00a0<\/span><\/p><p><a href=\"http:\/\/support.google.com\/chrome\/bin\/answer.py?hl=es-419&amp;answer=95647\"><span style=\"font-weight: 400;\">Google Chrome<\/span><\/a><span style=\"font-weight: 400;\"> \u2013 <\/span><a href=\"http:\/\/windows.microsoft.com\/es-xl\/internet-explorer\/delete-manage-cookies#ie=ie-10\"><span style=\"font-weight: 400;\">Internet Explorer<\/span><\/a><span style=\"font-weight: 400;\"> \u2013 <\/span><a href=\"http:\/\/support.mozilla.org\/es\/kb\/habilitar-y-deshabilitar-cookies-que-los-sitios-we\"><span style=\"font-weight: 400;\">Mozilla Firefox<\/span><\/a><span style=\"font-weight: 400;\"> \u2013 <\/span><a href=\"http:\/\/support.apple.com\/kb\/HT1677?viewlocale=es_ES%20%97%20http:\/\/support.apple.com\/kb\/ph5042\"><span style=\"font-weight: 400;\">Apple Safari<\/span><\/a><\/p>\t\t\t\t\t\t\t\t<\/div>\n\t\t\t\t\t<\/div>\n\t\t\t\t<\/div>\n\t\t<div class=\"elementor-element elementor-element-3c0333d e-flex e-con-boxed e-con e-parent\" data-id=\"3c0333d\" data-element_type=\"container\" data-e-type=\"container\">\n\t\t\t\t\t<div class=\"e-con-inner\">\n\t\t\t\t<div class=\"elementor-element elementor-element-d77f097 elementor-widget elementor-widget-heading\" data-id=\"d77f097\" data-element_type=\"widget\" data-e-type=\"widget\" data-widget_type=\"heading.default\">\n\t\t\t\t\t<h3 class=\"elementor-heading-title elementor-size-default\">Where can I get more information?<\/h3>\t\t\t\t<\/div>\n\t\t\t\t<div class=\"elementor-element elementor-element-c7c65c5 elementor-widget elementor-widget-text-editor\" data-id=\"c7c65c5\" data-element_type=\"widget\" data-e-type=\"widget\" data-widget_type=\"text-editor.default\">\n\t\t\t\t\t\t\t\t\t<p><span style=\"font-weight: 400;\">You can refer to the cookie regulations published by the Spanish Data Protection Agency in its \u201c<\/span><a href=\"https:\/\/www.aepd.es\/sites\/default\/files\/2020-07\/guia-cookies.pdf\"><span style=\"font-weight: 400;\">Guide on the Use of Cookies<\/span><\/a><span style=\"font-weight: 400;\">\u201d and find more information about cookies on the Internet, <\/span><a href=\"http:\/\/www.aboutcookies.org\/\"><span style=\"font-weight: 400;\">http:\/\/www.aboutcookies.org\/<\/span><\/a><\/p><p><span style=\"font-weight: 400;\">If you want greater control over cookie installation, you can add programs or browser extensions\u2014known as \u201cDo Not Track\u201d tools\u2014that allow you to choose which cookies you want to allow.<\/span><\/p>\t\t\t\t\t\t\t\t<\/div>\n\t\t\t\t\t<\/div>\n\t\t\t\t<\/div>\n\t\t<div class=\"elementor-element elementor-element-aae84ef e-flex e-con-boxed e-con e-parent\" data-id=\"aae84ef\" data-element_type=\"container\" data-e-type=\"container\">\n\t\t\t\t\t<div class=\"e-con-inner\">\n\t\t\t\t<div class=\"elementor-element elementor-element-4b41680 elementor-widget elementor-widget-heading\" data-id=\"4b41680\" data-element_type=\"widget\" data-e-type=\"widget\" data-widget_type=\"heading.default\">\n\t\t\t\t\t<h3 class=\"elementor-heading-title elementor-size-default\">Third-party cookies used on this website<\/h3>\t\t\t\t<\/div>\n\t\t\t\t<div class=\"elementor-element elementor-element-23159b8 elementor-widget elementor-widget-text-editor\" data-id=\"23159b8\" data-element_type=\"widget\" data-e-type=\"widget\" data-widget_type=\"text-editor.default\">\n\t\t\t\t\t\t\t\t\t<p><span style=\"font-weight: 400;\">Below, and in accordance with Article 22.2 of the LSSI, we detail the cookies that are typically installed while browsing this website:<\/span><\/p>\t\t\t\t\t\t\t\t<\/div>\n\t\t\t\t<div class=\"elementor-element elementor-element-47e1cfc elementor-widget elementor-widget-heading\" data-id=\"47e1cfc\" data-element_type=\"widget\" data-e-type=\"widget\" data-widget_type=\"heading.default\">\n\t\t\t\t\t<h5 class=\"elementor-heading-title elementor-size-default\">NECESSARY COOKIES<\/h5>\t\t\t\t<\/div>\n\t\t\t\t<div class=\"elementor-element elementor-element-45e03b7 elementor-widget elementor-widget-html\" data-id=\"45e03b7\" data-element_type=\"widget\" data-e-type=\"widget\" data-widget_type=\"html.default\">\n\t\t\t\t\t<table>\r\n    <thead>\r\n        <tr>\r\n            <th>COOKIE<\/th>\r\n            <th>DURATION<\/th>\r\n            <th>PURPOSE AND DOMAIN<\/th>\r\n        <\/tr>\r\n    <\/thead>\r\n    <tbody>\r\n        <tr>\r\n            <td>elementor<\/td>\r\n            <td>Persistent<\/td>\r\n            <td>Allows real-time updating of website content generated by the Elementor tool.<\/td>\r\n        <\/tr>\r\n        \r\n        <tr>\r\n            <td>cmplz_policy_id<\/td>\r\n            <td>1 year<\/td>\r\n            <td>This cookie allows tracking whether the user has accepted the website's cookie policy.<\/td>\r\n        <\/tr>\r\n\r\n        <tr>\r\n            <td>wpEmojiSettingsSupports<\/td>\r\n            <td>Session<\/td>\r\n            <td>Its purpose is to determine whether the user\u2019s browser can display emojis correctly.<\/td>\r\n        <\/tr>\r\n\r\n    <\/tbody>\r\n<\/table>\t\t\t\t<\/div>\n\t\t\t\t<div class=\"elementor-element elementor-element-79a286f elementor-widget elementor-widget-heading\" data-id=\"79a286f\" data-element_type=\"widget\" data-e-type=\"widget\" data-widget_type=\"heading.default\">\n\t\t\t\t\t<h5 class=\"elementor-heading-title elementor-size-default\">THIRD-PARTY COOKIES<\/h5>\t\t\t\t<\/div>\n\t\t\t\t<div class=\"elementor-element elementor-element-c8af0f4 elementor-widget elementor-widget-html\" data-id=\"c8af0f4\" data-element_type=\"widget\" data-e-type=\"widget\" data-widget_type=\"html.default\">\n\t\t\t\t\t<table>\r\n    <thead>\r\n        <tr>\r\n            <th>COOKIE<\/th>\r\n            <th>DURATION<\/th>\r\n            <th>PURPOSE AND DOMAIN<\/th>\r\n        <\/tr>\r\n    <\/thead>\r\n    <tbody>\r\n        <tr>\r\n            <td>uc_session<\/td>\r\n            <td>Sesion<\/td>\r\n            <td>This cookie is set by Dropbox and is used for the 'Save to Dropbox' functionality.<\/td>\r\n        <\/tr>\r\n        \r\n        <tr>\r\n            <td>_ga_*<\/td>\r\n            <td>1 a\u00f1o, 1 mes y 4 d\u00edas<\/td>\r\n            <td>Google Analytics sets this cookie to store and count page views.<\/td>\r\n        <\/tr>\r\n\r\n        <tr>\r\n            <td>_ga<\/td>\r\n            <td>1 a\u00f1o, 1 mes y 4 d\u00edas<\/td>\r\n            <td>The _ga cookie, set by Google Analytics, is used to calculate visitor, session, and campaign data, and to track website usage in its analytics reports. The cookie stores information anonymously and assigns a randomly generated number to recognize unique visitors.<\/td>\r\n        <\/tr>\r\n\r\n    <\/tbody>\r\n<\/table>\t\t\t\t<\/div>\n\t\t\t\t\t<\/div>\n\t\t\t\t<\/div>\n\t\t<div class=\"elementor-element elementor-element-f8de16b e-flex e-con-boxed e-con e-parent\" data-id=\"f8de16b\" data-element_type=\"container\" data-e-type=\"container\">\n\t\t\t\t\t<div class=\"e-con-inner\">\n\t\t\t\t<div class=\"elementor-element elementor-element-d86af85 elementor-widget elementor-widget-text-editor\" data-id=\"d86af85\" data-element_type=\"widget\" data-e-type=\"widget\" data-widget_type=\"text-editor.default\">\n\t\t\t\t\t\t\t\t\t<i><span style=\"font-weight: 400; font-size: 13px;\">\u00a9 <\/span><\/i><i><span style=\"font-weight: 400; font-size: 13px;\">These legal texts are protected by copyright and have been specifically developed for Legalidad Online\u2019s clients. You may <\/span><\/i><a href=\"https:\/\/legalidadonline.com\/plantillas-textos-legales-web\/\"><b><i style=\"font-size: 13px;\">purchase the template here, along with its accompanying explanations.<\/i><\/b><\/a><i><span style=\"font-weight: 400; font-size: 13px;\">, so they can be tailored to your business.<\/span><\/i>\t\t\t\t\t\t\t\t<\/div>\n\t\t\t\t\t<\/div>\n\t\t\t\t<\/div>\n\t\t\t\t<\/div>","protected":false},"excerpt":{"rendered":"<p>Pol\u00edtica de Cookies Esta web usa cookies para personalizar el contenido y los anuncios, ofrecer funciones de redes sociales y analizar el tr\u00e1fico. Adem\u00e1s, se comparte informaci\u00f3n sobre el uso que hagas de la web con los partners de redes sociales, publicidad y an\u00e1lisis web, quienes pueden combinarla con otra informaci\u00f3n que les hayas proporcionado [&hellip;]<\/p>\n","protected":false},"author":1,"featured_media":0,"parent":0,"menu_order":0,"comment_status":"closed","ping_status":"closed","template":"","meta":{"_monsterinsights_skip_tracking":false,"_monsterinsights_sitenote_active":false,"_monsterinsights_sitenote_note":"","_monsterinsights_sitenote_category":0,"footnotes":""},"class_list":["post-201","page","type-page","status-publish","hentry"],"yoast_head":"<!-- This site is optimized with the Yoast SEO plugin v27.3 - https:\/\/yoast.com\/product\/yoast-seo-wordpress\/ -->\n<title>Cookie Policy - Enter The Lagware<\/title>\n<meta name=\"robots\" content=\"noindex, nofollow\" \/>\n<meta property=\"og:locale\" content=\"en_US\" \/>\n<meta property=\"og:type\" content=\"article\" \/>\n<meta property=\"og:title\" content=\"Cookie Policy - Enter The Lagware\" \/>\n<meta property=\"og:description\" content=\"Pol\u00edtica de Cookies Esta web usa cookies para personalizar el contenido y los anuncios, ofrecer funciones de redes sociales y analizar el tr\u00e1fico. Adem\u00e1s, se comparte informaci\u00f3n sobre el uso que hagas de la web con los partners de redes sociales, publicidad y an\u00e1lisis web, quienes pueden combinarla con otra informaci\u00f3n que les hayas proporcionado [&hellip;]\" \/>\n<meta property=\"og:url\" content=\"https:\/\/enterthelagware.com\/en\/cookie-policy\/\" \/>\n<meta property=\"og:site_name\" content=\"Enter The Lagware\" \/>\n<meta property=\"article:modified_time\" content=\"2025-10-18T09:15:27+00:00\" \/>\n<meta name=\"twitter:card\" content=\"summary_large_image\" \/>\n<meta name=\"twitter:label1\" content=\"Est. reading time\" \/>\n\t<meta name=\"twitter:data1\" content=\"4 minutes\" \/>\n<script type=\"application\/ld+json\" class=\"yoast-schema-graph\">{\"@context\":\"https:\\\/\\\/schema.org\",\"@graph\":[{\"@type\":\"WebPage\",\"@id\":\"https:\\\/\\\/enterthelagware.com\\\/cookie-policy\\\/\",\"url\":\"https:\\\/\\\/enterthelagware.com\\\/cookie-policy\\\/\",\"name\":\"Cookie Policy - Enter The Lagware\",\"isPartOf\":{\"@id\":\"https:\\\/\\\/enterthelagware.com\\\/#website\"},\"datePublished\":\"2025-09-08T17:34:21+00:00\",\"dateModified\":\"2025-10-18T09:15:27+00:00\",\"breadcrumb\":{\"@id\":\"https:\\\/\\\/enterthelagware.com\\\/cookie-policy\\\/#breadcrumb\"},\"inLanguage\":\"en-US\",\"potentialAction\":[{\"@type\":\"ReadAction\",\"target\":[\"https:\\\/\\\/enterthelagware.com\\\/cookie-policy\\\/\"]}]},{\"@type\":\"BreadcrumbList\",\"@id\":\"https:\\\/\\\/enterthelagware.com\\\/cookie-policy\\\/#breadcrumb\",\"itemListElement\":[{\"@type\":\"ListItem\",\"position\":1,\"name\":\"Portada\",\"item\":\"https:\\\/\\\/enterthelagware.com\\\/\"},{\"@type\":\"ListItem\",\"position\":2,\"name\":\"Cookie Policy\"}]},{\"@type\":\"WebSite\",\"@id\":\"https:\\\/\\\/enterthelagware.com\\\/#website\",\"url\":\"https:\\\/\\\/enterthelagware.com\\\/\",\"name\":\"Enter The Lagware\",\"description\":\"\",\"publisher\":{\"@id\":\"https:\\\/\\\/enterthelagware.com\\\/#organization\"},\"potentialAction\":[{\"@type\":\"SearchAction\",\"target\":{\"@type\":\"EntryPoint\",\"urlTemplate\":\"https:\\\/\\\/enterthelagware.com\\\/?s={search_term_string}\"},\"query-input\":{\"@type\":\"PropertyValueSpecification\",\"valueRequired\":true,\"valueName\":\"search_term_string\"}}],\"inLanguage\":\"en-US\"},{\"@type\":\"Organization\",\"@id\":\"https:\\\/\\\/enterthelagware.com\\\/#organization\",\"name\":\"Enter The Lagware\",\"url\":\"https:\\\/\\\/enterthelagware.com\\\/\",\"logo\":{\"@type\":\"ImageObject\",\"inLanguage\":\"en-US\",\"@id\":\"https:\\\/\\\/enterthelagware.com\\\/#\\\/schema\\\/logo\\\/image\\\/\",\"url\":\"https:\\\/\\\/enterthelagware.com\\\/wp-content\\\/uploads\\\/2025\\\/07\\\/etlw-logo-bkf.png\",\"contentUrl\":\"https:\\\/\\\/enterthelagware.com\\\/wp-content\\\/uploads\\\/2025\\\/07\\\/etlw-logo-bkf.png\",\"width\":1000,\"height\":293,\"caption\":\"Enter The Lagware\"},\"image\":{\"@id\":\"https:\\\/\\\/enterthelagware.com\\\/#\\\/schema\\\/logo\\\/image\\\/\"}}]}<\/script>\n<!-- \/ Yoast SEO plugin. -->","yoast_head_json":{"title":"Cookie Policy - Enter The Lagware","robots":{"index":"noindex","follow":"nofollow"},"og_locale":"en_US","og_type":"article","og_title":"Cookie Policy - Enter The Lagware","og_description":"Pol\u00edtica de Cookies Esta web usa cookies para personalizar el contenido y los anuncios, ofrecer funciones de redes sociales y analizar el tr\u00e1fico. Adem\u00e1s, se comparte informaci\u00f3n sobre el uso que hagas de la web con los partners de redes sociales, publicidad y an\u00e1lisis web, quienes pueden combinarla con otra informaci\u00f3n que les hayas proporcionado [&hellip;]","og_url":"https:\/\/enterthelagware.com\/en\/cookie-policy\/","og_site_name":"Enter The Lagware","article_modified_time":"2025-10-18T09:15:27+00:00","twitter_card":"summary_large_image","twitter_misc":{"Est. reading time":"4 minutes"},"schema":{"@context":"https:\/\/schema.org","@graph":[{"@type":"WebPage","@id":"https:\/\/enterthelagware.com\/cookie-policy\/","url":"https:\/\/enterthelagware.com\/cookie-policy\/","name":"Cookie Policy - Enter The Lagware","isPartOf":{"@id":"https:\/\/enterthelagware.com\/#website"},"datePublished":"2025-09-08T17:34:21+00:00","dateModified":"2025-10-18T09:15:27+00:00","breadcrumb":{"@id":"https:\/\/enterthelagware.com\/cookie-policy\/#breadcrumb"},"inLanguage":"en-US","potentialAction":[{"@type":"ReadAction","target":["https:\/\/enterthelagware.com\/cookie-policy\/"]}]},{"@type":"BreadcrumbList","@id":"https:\/\/enterthelagware.com\/cookie-policy\/#breadcrumb","itemListElement":[{"@type":"ListItem","position":1,"name":"Portada","item":"https:\/\/enterthelagware.com\/"},{"@type":"ListItem","position":2,"name":"Cookie Policy"}]},{"@type":"WebSite","@id":"https:\/\/enterthelagware.com\/#website","url":"https:\/\/enterthelagware.com\/","name":"Enter The Lagware","description":"","publisher":{"@id":"https:\/\/enterthelagware.com\/#organization"},"potentialAction":[{"@type":"SearchAction","target":{"@type":"EntryPoint","urlTemplate":"https:\/\/enterthelagware.com\/?s={search_term_string}"},"query-input":{"@type":"PropertyValueSpecification","valueRequired":true,"valueName":"search_term_string"}}],"inLanguage":"en-US"},{"@type":"Organization","@id":"https:\/\/enterthelagware.com\/#organization","name":"Enter The Lagware","url":"https:\/\/enterthelagware.com\/","logo":{"@type":"ImageObject","inLanguage":"en-US","@id":"https:\/\/enterthelagware.com\/#\/schema\/logo\/image\/","url":"https:\/\/enterthelagware.com\/wp-content\/uploads\/2025\/07\/etlw-logo-bkf.png","contentUrl":"https:\/\/enterthelagware.com\/wp-content\/uploads\/2025\/07\/etlw-logo-bkf.png","width":1000,"height":293,"caption":"Enter The Lagware"},"image":{"@id":"https:\/\/enterthelagware.com\/#\/schema\/logo\/image\/"}}]}},"_links":{"self":[{"href":"https:\/\/enterthelagware.com\/en\/wp-json\/wp\/v2\/pages\/201","targetHints":{"allow":["GET"]}}],"collection":[{"href":"https:\/\/enterthelagware.com\/en\/wp-json\/wp\/v2\/pages"}],"about":[{"href":"https:\/\/enterthelagware.com\/en\/wp-json\/wp\/v2\/types\/page"}],"author":[{"embeddable":true,"href":"https:\/\/enterthelagware.com\/en\/wp-json\/wp\/v2\/users\/1"}],"replies":[{"embeddable":true,"href":"https:\/\/enterthelagware.com\/en\/wp-json\/wp\/v2\/comments?post=201"}],"version-history":[{"count":8,"href":"https:\/\/enterthelagware.com\/en\/wp-json\/wp\/v2\/pages\/201\/revisions"}],"predecessor-version":[{"id":699,"href":"https:\/\/enterthelagware.com\/en\/wp-json\/wp\/v2\/pages\/201\/revisions\/699"}],"wp:attachment":[{"href":"https:\/\/enterthelagware.com\/en\/wp-json\/wp\/v2\/media?parent=201"}],"curies":[{"name":"wp","href":"https:\/\/api.w.org\/{rel}","templated":true}]}}