{"id":993,"date":"2026-03-08T18:40:59","date_gmt":"2026-03-08T18:40:59","guid":{"rendered":"https:\/\/enterthelagware.com\/?page_id=993"},"modified":"2026-03-09T22:35:04","modified_gmt":"2026-03-09T22:35:04","slug":"music-sound-design-for-film-tv","status":"publish","type":"page","link":"https:\/\/enterthelagware.com\/en\/music-sound-design-for-film-tv\/","title":{"rendered":"Music &amp; Sound Design for Film &amp; TV Projects"},"content":{"rendered":"<div data-elementor-type=\"wp-page\" data-elementor-id=\"993\" class=\"elementor elementor-993\">\n\t\t\t\t<div class=\"elementor-element elementor-element-a452f71 e-flex e-con-boxed e-con e-parent\" data-id=\"a452f71\" data-element_type=\"container\" data-e-type=\"container\">\n\t\t\t\t\t<div class=\"e-con-inner\">\n\t\t\t\t<div class=\"elementor-element elementor-element-674d20d elementor-widget elementor-widget-heading\" data-id=\"674d20d\" data-element_type=\"widget\" data-e-type=\"widget\" data-widget_type=\"heading.default\">\n\t\t\t\t\t<h1 class=\"elementor-heading-title elementor-size-default\">Music and Sound Design for Film and TV<\/h1>\t\t\t\t<\/div>\n\t\t\t\t\t<\/div>\n\t\t\t\t<\/div>\n\t\t<div class=\"elementor-element elementor-element-c2b1f2f e-con-full e-flex e-con e-child\" data-id=\"c2b1f2f\" data-element_type=\"container\" data-e-type=\"container\">\n\t\t\t\t<div class=\"elementor-element elementor-element-0b3584d elementor-invisible elementor-widget elementor-widget-heading\" data-id=\"0b3584d\" data-element_type=\"widget\" data-e-type=\"widget\" data-settings=\"{&quot;_animation&quot;:&quot;fadeInDown&quot;}\" data-widget_type=\"heading.default\">\n\t\t\t\t\t<h2 class=\"elementor-heading-title elementor-size-default\">Black Suspense <span style=\"font-size: 2rem;, sans-serif;font-weight: 600\">(Spec. Project)<\/span><span style=\"font-family: inherit;font-size: 2rem\"><\/span><br><\/h2>\t\t\t\t<\/div>\n\t\t\t\t<div class=\"elementor-element elementor-element-3ee0220 elementor-invisible elementor-widget elementor-widget-heading\" data-id=\"3ee0220\" data-element_type=\"widget\" data-e-type=\"widget\" data-settings=\"{&quot;_animation&quot;:&quot;fadeInUp&quot;}\" data-widget_type=\"heading.default\">\n\t\t\t\t\t<h3 class=\"elementor-heading-title elementor-size-default\">Music &amp; SFX by Josal Fern\u00e1ndez<\/h3>\t\t\t\t<\/div>\n\t\t\t\t<div class=\"elementor-element elementor-element-d39c8fd elementor-widget elementor-widget-text-editor\" data-id=\"d39c8fd\" data-element_type=\"widget\" data-e-type=\"widget\" data-widget_type=\"text-editor.default\">\n\t\t\t\t\t\t\t\t\t<p>Through a suspense-driven composition that evolves from unsettling ambient textures during the discovery of evidence, to an aggressive, rhythmic sound design during the chase sequence, the audio becomes the primary source of tension. This is more than just music; it is a psychological immersion that leverages the contrast between tense silences and high-impact sounds to place the viewer in the protagonist's shoes, transforming darkness into a constant, physical presence.<\/p><p><strong>(AI-generated video footage for demonstration purposes)<\/strong><\/p>\t\t\t\t\t\t\t\t<\/div>\n\t\t\t\t<\/div>\n\t\t<div class=\"elementor-element elementor-element-2e0bd41 e-flex e-con-boxed e-con e-parent\" data-id=\"2e0bd41\" data-element_type=\"container\" data-e-type=\"container\">\n\t\t\t\t\t<div class=\"e-con-inner\">\n\t\t<div class=\"elementor-element elementor-element-90647ff e-con-full e-flex e-con e-child\" data-id=\"90647ff\" data-element_type=\"container\" data-e-type=\"container\">\n\t\t\t\t<div class=\"elementor-element elementor-element-653e3de elementor-invisible elementor-widget elementor-widget-video\" data-id=\"653e3de\" data-element_type=\"widget\" data-e-type=\"widget\" data-settings=\"{&quot;video_type&quot;:&quot;hosted&quot;,&quot;_animation&quot;:&quot;fadeInUp&quot;,&quot;controls&quot;:&quot;yes&quot;}\" data-widget_type=\"video.default\">\n\t\t\t\t\t\t\t<div class=\"e-hosted-video elementor-wrapper elementor-open-inline\">\n\t\t\t\t\t<video class=\"elementor-video\" src=\"https:\/\/dl.dropboxusercontent.com\/scl\/fi\/9q2akj8fx456gaz3zo6se\/Black-Suspense_Full_Mix_Low_Quality.mp4?rlkey=4nggp7qicvmvhcjrk8a2hgolp&amp;st=50crv7lc\" controls=\"\" preload=\"metadata\" controlslist=\"nodownload\" poster=\"https:\/\/enterthelagware.com\/wp-content\/uploads\/2026\/03\/Black-Suspense_Full_Mix.webp\"><\/video>\n\t\t\t\t<\/div>\n\t\t\t\t\t\t<\/div>\n\t\t\t\t<\/div>\n\t\t<div class=\"elementor-element elementor-element-c254994 e-con-full e-flex e-con e-child\" data-id=\"c254994\" data-element_type=\"container\" data-e-type=\"container\">\n\t\t<div class=\"elementor-element elementor-element-7c1e987 e-flex e-con-boxed e-con e-child\" data-id=\"7c1e987\" data-element_type=\"container\" data-e-type=\"container\">\n\t\t\t\t\t<div class=\"e-con-inner\">\n\t\t\t\t<div class=\"elementor-element elementor-element-057658b elementor-invisible elementor-widget elementor-widget-video\" data-id=\"057658b\" data-element_type=\"widget\" data-e-type=\"widget\" data-settings=\"{&quot;video_type&quot;:&quot;hosted&quot;,&quot;_animation&quot;:&quot;fadeInUp&quot;,&quot;controls&quot;:&quot;yes&quot;}\" data-widget_type=\"video.default\">\n\t\t\t\t\t\t\t<div class=\"e-hosted-video elementor-wrapper elementor-open-inline\">\n\t\t\t\t\t<video class=\"elementor-video\" src=\"https:\/\/dl.dropboxusercontent.com\/scl\/fi\/zl6ne3zvzizbxm2u8wq4n\/Black-Suspense_Music_Solo_Low_Quality.mp4?rlkey=p1d045pkjdknvztfdlfahkh0u&amp;st=9z6fts11\" controls=\"\" preload=\"metadata\" controlslist=\"nodownload\" poster=\"https:\/\/enterthelagware.com\/wp-content\/uploads\/2026\/03\/Black-Suspense_Music_Solo.webp\"><\/video>\n\t\t\t\t<\/div>\n\t\t\t\t\t\t<\/div>\n\t\t\t\t\t<\/div>\n\t\t\t\t<\/div>\n\t\t<div class=\"elementor-element elementor-element-363302f e-con-full e-flex e-con e-child\" data-id=\"363302f\" data-element_type=\"container\" data-e-type=\"container\">\n\t\t\t\t<div class=\"elementor-element elementor-element-f76273a elementor-invisible elementor-widget elementor-widget-video\" data-id=\"f76273a\" data-element_type=\"widget\" data-e-type=\"widget\" data-settings=\"{&quot;video_type&quot;:&quot;hosted&quot;,&quot;_animation&quot;:&quot;fadeInUp&quot;,&quot;controls&quot;:&quot;yes&quot;}\" data-widget_type=\"video.default\">\n\t\t\t\t\t\t\t<div class=\"e-hosted-video elementor-wrapper elementor-open-inline\">\n\t\t\t\t\t<video class=\"elementor-video\" src=\"https:\/\/dl.dropboxusercontent.com\/scl\/fi\/fzcz6f8i409j22dqavicq\/Black-Suspense_SFX_Solo_Low_Quality.mp4?rlkey=jzrcnus8mk3x1j1td58l8ueqx&amp;st=rdgozb5m\" controls=\"\" preload=\"metadata\" controlslist=\"nodownload\" poster=\"https:\/\/enterthelagware.com\/wp-content\/uploads\/2026\/03\/Black-Suspense_SFX_Solo.webp\"><\/video>\n\t\t\t\t<\/div>\n\t\t\t\t\t\t<\/div>\n\t\t\t\t<\/div>\n\t\t\t\t<div class=\"elementor-element elementor-element-acffc29 elementor-align-center elementor-widget elementor-widget-button\" data-id=\"acffc29\" data-element_type=\"widget\" data-e-type=\"widget\" data-widget_type=\"button.default\">\n\t\t\t\t\t\t\t\t\t\t<a class=\"elementor-button elementor-button-link elementor-size-sm elementor-animation-shrink\" href=\"https:\/\/enterthelagware.com\/en\/music-sound-design-for-film-tv\/\" target=\"_blank\" rel=\"nofollow\">\n\t\t\t\t\t\t<span class=\"elementor-button-content-wrapper\">\n\t\t\t\t\t\t\t\t\t<span class=\"elementor-button-text\">Explore project<\/span>\n\t\t\t\t\t<\/span>\n\t\t\t\t\t<\/a>\n\t\t\t\t\t\t\t\t<\/div>\n\t\t\t\t<\/div>\n\t\t\t\t\t<\/div>\n\t\t\t\t<\/div>\n\t\t<div class=\"elementor-element elementor-element-afa95c7 e-flex e-con-boxed elementor-invisible e-con e-parent\" data-id=\"afa95c7\" data-element_type=\"container\" data-e-type=\"container\" data-settings=\"{&quot;animation&quot;:&quot;fadeIn&quot;}\">\n\t\t\t\t\t<div class=\"e-con-inner\">\n\t\t\t\t<div class=\"elementor-element elementor-element-8837b9b elementor-widget-divider--view-line elementor-widget elementor-widget-divider\" data-id=\"8837b9b\" data-element_type=\"widget\" data-e-type=\"widget\" data-widget_type=\"divider.default\">\n\t\t\t\t\t\t\t<div class=\"elementor-divider\">\n\t\t\t<span class=\"elementor-divider-separator\">\n\t\t\t\t\t\t<\/span>\n\t\t<\/div>\n\t\t\t\t\t\t<\/div>\n\t\t\t\t\t<\/div>\n\t\t\t\t<\/div>\n\t\t<div class=\"elementor-element elementor-element-1984151 e-con-full e-flex e-con e-child\" data-id=\"1984151\" data-element_type=\"container\" data-e-type=\"container\">\n\t\t\t\t<div class=\"elementor-element elementor-element-2ecb356 elementor-invisible elementor-widget elementor-widget-heading\" data-id=\"2ecb356\" data-element_type=\"widget\" data-e-type=\"widget\" data-settings=\"{&quot;_animation&quot;:&quot;fadeInDown&quot;}\" data-widget_type=\"heading.default\">\n\t\t\t\t\t<h2 class=\"elementor-heading-title elementor-size-default\">A Happy Punk Guy <span style=\"font-size: 2rem;, sans-serif;font-weight: 600\">(Spec. Project)<\/span><span style=\"font-family: inherit;font-size: 2rem\"><\/span><br><\/h2>\t\t\t\t<\/div>\n\t\t\t\t<div class=\"elementor-element elementor-element-8c305f0 elementor-invisible elementor-widget elementor-widget-heading\" data-id=\"8c305f0\" data-element_type=\"widget\" data-e-type=\"widget\" data-settings=\"{&quot;_animation&quot;:&quot;fadeInUp&quot;}\" data-widget_type=\"heading.default\">\n\t\t\t\t\t<h3 class=\"elementor-heading-title elementor-size-default\">Music by Josal Fern\u00e1ndez<\/h3>\t\t\t\t<\/div>\n\t\t\t\t<\/div>\n\t\t<div class=\"elementor-element elementor-element-e5e8554 e-flex e-con-boxed e-con e-parent\" data-id=\"e5e8554\" data-element_type=\"container\" data-e-type=\"container\">\n\t\t\t\t\t<div class=\"e-con-inner\">\n\t\t<div class=\"elementor-element elementor-element-4b45f8b e-con-full e-flex e-con e-child\" data-id=\"4b45f8b\" data-element_type=\"container\" data-e-type=\"container\">\n\t\t<div class=\"elementor-element elementor-element-8be1c02 e-flex e-con-boxed e-con e-child\" data-id=\"8be1c02\" data-element_type=\"container\" data-e-type=\"container\">\n\t\t\t\t\t<div class=\"e-con-inner\">\n\t\t\t\t<div class=\"elementor-element elementor-element-cfb525b elementor-widget elementor-widget-text-editor\" data-id=\"cfb525b\" data-element_type=\"widget\" data-e-type=\"widget\" data-widget_type=\"text-editor.default\">\n\t\t\t\t\t\t\t\t\t<p><span style=\"font-weight: 400;\">Sound can also reveal a character's soul. <\/span><span style=\"font-weight: 400;\">Like this guy: a tough, violent punk on the street... who transforms into a sensitive soul when watering his favorite plant at home.<\/span><\/p>\n<p><strong>(AI-generated video footage for demonstration purposes)<\/strong><\/p>\t\t\t\t\t\t\t\t<\/div>\n\t\t\t\t\t<\/div>\n\t\t\t\t<\/div>\n\t\t\t\t<div class=\"elementor-element elementor-element-4993d3e elementor-align-center elementor-widget elementor-widget-button\" data-id=\"4993d3e\" data-element_type=\"widget\" data-e-type=\"widget\" data-widget_type=\"button.default\">\n\t\t\t\t\t\t\t\t\t\t<a class=\"elementor-button elementor-button-link elementor-size-sm elementor-animation-shrink\" href=\"https:\/\/enterthelagware.com\/en\/music-sound-design-for-film-tv\/\" target=\"_blank\" rel=\"nofollow\">\n\t\t\t\t\t\t<span class=\"elementor-button-content-wrapper\">\n\t\t\t\t\t\t\t\t\t<span class=\"elementor-button-text\">Explore project<\/span>\n\t\t\t\t\t<\/span>\n\t\t\t\t\t<\/a>\n\t\t\t\t\t\t\t\t<\/div>\n\t\t\t\t<\/div>\n\t\t<div class=\"elementor-element elementor-element-b2115b6 e-con-full e-flex e-con e-child\" data-id=\"b2115b6\" data-element_type=\"container\" data-e-type=\"container\">\n\t\t\t\t<div class=\"elementor-element elementor-element-a31a31a elementor-invisible elementor-widget elementor-widget-video\" data-id=\"a31a31a\" data-element_type=\"widget\" data-e-type=\"widget\" data-settings=\"{&quot;video_type&quot;:&quot;hosted&quot;,&quot;_animation&quot;:&quot;fadeInUp&quot;,&quot;controls&quot;:&quot;yes&quot;}\" data-widget_type=\"video.default\">\n\t\t\t\t\t\t\t<div class=\"e-hosted-video elementor-wrapper elementor-open-inline\">\n\t\t\t\t\t<video class=\"elementor-video\" src=\"https:\/\/dl.dropboxusercontent.com\/scl\/fi\/2q5bp87l6v0ny5taxzmm6\/A-Happy-Punk-Guy_Full_Mix_Low_Quality.mp4?rlkey=uecyvdpnm2brlfsvm8zwkjwlg&amp;st=8xxt0lg5\" controls=\"\" preload=\"metadata\" controlslist=\"nodownload\" poster=\"https:\/\/enterthelagware.com\/wp-content\/uploads\/2026\/03\/A-Happy-Punk-Guy_Full_Mix.webp\"><\/video>\n\t\t\t\t<\/div>\n\t\t\t\t\t\t<\/div>\n\t\t\t\t<\/div>\n\t\t\t\t\t<\/div>\n\t\t\t\t<\/div>\n\t\t<div class=\"elementor-element elementor-element-a082166 e-flex e-con-boxed elementor-invisible e-con e-parent\" data-id=\"a082166\" data-element_type=\"container\" data-e-type=\"container\" data-settings=\"{&quot;animation&quot;:&quot;fadeIn&quot;}\">\n\t\t\t\t\t<div class=\"e-con-inner\">\n\t\t\t\t<div class=\"elementor-element elementor-element-12c45d3 elementor-widget-divider--view-line elementor-widget elementor-widget-divider\" data-id=\"12c45d3\" data-element_type=\"widget\" data-e-type=\"widget\" data-widget_type=\"divider.default\">\n\t\t\t\t\t\t\t<div class=\"elementor-divider\">\n\t\t\t<span class=\"elementor-divider-separator\">\n\t\t\t\t\t\t<\/span>\n\t\t<\/div>\n\t\t\t\t\t\t<\/div>\n\t\t\t\t\t<\/div>\n\t\t\t\t<\/div>\n\t\t<div class=\"elementor-element elementor-element-58e93aa e-flex e-con-boxed e-con e-parent\" data-id=\"58e93aa\" data-element_type=\"container\" data-e-type=\"container\">\n\t\t\t\t\t<div class=\"e-con-inner\">\n\t\t<div class=\"elementor-element elementor-element-4231784 e-con-full e-transform e-flex elementor-invisible e-con e-child\" data-id=\"4231784\" data-element_type=\"container\" data-e-type=\"container\" data-settings=\"{&quot;animation&quot;:&quot;fadeInUp&quot;,&quot;_transform_scaleX_effect_hover&quot;:{&quot;unit&quot;:&quot;px&quot;,&quot;size&quot;:&quot;&quot;,&quot;sizes&quot;:[]},&quot;_transform_scaleX_effect_hover_tablet&quot;:{&quot;unit&quot;:&quot;px&quot;,&quot;size&quot;:&quot;&quot;,&quot;sizes&quot;:[]},&quot;_transform_scaleX_effect_hover_mobile&quot;:{&quot;unit&quot;:&quot;px&quot;,&quot;size&quot;:&quot;&quot;,&quot;sizes&quot;:[]},&quot;_transform_scaleY_effect_hover&quot;:{&quot;unit&quot;:&quot;px&quot;,&quot;size&quot;:&quot;&quot;,&quot;sizes&quot;:[]},&quot;_transform_scaleY_effect_hover_tablet&quot;:{&quot;unit&quot;:&quot;px&quot;,&quot;size&quot;:&quot;&quot;,&quot;sizes&quot;:[]},&quot;_transform_scaleY_effect_hover_mobile&quot;:{&quot;unit&quot;:&quot;px&quot;,&quot;size&quot;:&quot;&quot;,&quot;sizes&quot;:[]}}\">\n\t\t\t\t<div class=\"elementor-element elementor-element-1e1cd38 elementor-widget elementor-widget-heading\" data-id=\"1e1cd38\" data-element_type=\"widget\" data-e-type=\"widget\" data-widget_type=\"heading.default\">\n\t\t\t\t\t<h4 class=\"elementor-heading-title elementor-size-default\">If you need anything, feel free to use the contact form<\/h4>\t\t\t\t<\/div>\n\t\t\t\t<div class=\"elementor-element elementor-element-e9b7e3d elementor-align-center elementor-widget elementor-widget-button\" data-id=\"e9b7e3d\" data-element_type=\"widget\" data-e-type=\"widget\" data-widget_type=\"button.default\">\n\t\t\t\t\t\t\t\t\t\t<a class=\"elementor-button elementor-button-link elementor-size-sm elementor-animation-shrink\" href=\"https:\/\/enterthelagware.com\/en\/contact\/\" target=\"_blank\" rel=\"nofollow\">\n\t\t\t\t\t\t<span class=\"elementor-button-content-wrapper\">\n\t\t\t\t\t\t\t\t\t<span class=\"elementor-button-text\">Contact<\/span>\n\t\t\t\t\t<\/span>\n\t\t\t\t\t<\/a>\n\t\t\t\t\t\t\t\t<\/div>\n\t\t\t\t<\/div>\n\t\t\t\t\t<\/div>\n\t\t\t\t<\/div>\n\t\t\t\t<\/div>","protected":false},"excerpt":{"rendered":"<p>M\u00fasica y Dise\u00f1o de Sonido para Cine y TV Black Suspense (Spec. Project) Music &amp; SFX by Josal Fern\u00e1ndez A trav\u00e9s de una composici\u00f3n de suspense que evoluciona desde texturas ambientales inquietantes durante el descubrimiento de pruebas, hasta un dise\u00f1o de sonido agresivo y r\u00edtmico en la persecuci\u00f3n, el audio se convierte en la principal [&hellip;]<\/p>\n","protected":false},"author":1,"featured_media":0,"parent":0,"menu_order":0,"comment_status":"closed","ping_status":"closed","template":"","meta":{"_monsterinsights_skip_tracking":false,"_monsterinsights_sitenote_active":false,"_monsterinsights_sitenote_note":"","_monsterinsights_sitenote_category":0,"footnotes":""},"class_list":["post-993","page","type-page","status-publish","hentry"],"yoast_head":"<!-- This site is optimized with the Yoast SEO plugin v27.3 - https:\/\/yoast.com\/product\/yoast-seo-wordpress\/ -->\n<title>Music &amp; Sound Design for Film &amp; TV Projects - Enter The Lagware<\/title>\n<meta name=\"robots\" content=\"noindex, nofollow\" \/>\n<meta property=\"og:locale\" content=\"en_US\" \/>\n<meta property=\"og:type\" content=\"article\" \/>\n<meta property=\"og:title\" content=\"Music &amp; Sound Design for Film &amp; TV Projects - Enter The Lagware\" \/>\n<meta property=\"og:description\" content=\"M\u00fasica y Dise\u00f1o de Sonido para Cine y TV Black Suspense (Spec. Project) Music &amp; SFX by Josal Fern\u00e1ndez A trav\u00e9s de una composici\u00f3n de suspense que evoluciona desde texturas ambientales inquietantes durante el descubrimiento de pruebas, hasta un dise\u00f1o de sonido agresivo y r\u00edtmico en la persecuci\u00f3n, el audio se convierte en la principal [&hellip;]\" \/>\n<meta property=\"og:url\" content=\"https:\/\/enterthelagware.com\/en\/music-sound-design-for-film-tv\/\" \/>\n<meta property=\"og:site_name\" content=\"Enter The Lagware\" \/>\n<meta property=\"article:modified_time\" content=\"2026-03-09T22:35:04+00:00\" \/>\n<meta name=\"twitter:card\" content=\"summary_large_image\" \/>\n<meta name=\"twitter:label1\" content=\"Est. reading time\" \/>\n\t<meta name=\"twitter:data1\" content=\"1 minute\" \/>\n<script type=\"application\/ld+json\" class=\"yoast-schema-graph\">{\"@context\":\"https:\\\/\\\/schema.org\",\"@graph\":[{\"@type\":\"WebPage\",\"@id\":\"https:\\\/\\\/enterthelagware.com\\\/music-sound-design-for-film-tv\\\/\",\"url\":\"https:\\\/\\\/enterthelagware.com\\\/music-sound-design-for-film-tv\\\/\",\"name\":\"Music &amp; Sound Design for Film &amp; TV Projects - Enter The Lagware\",\"isPartOf\":{\"@id\":\"https:\\\/\\\/enterthelagware.com\\\/#website\"},\"datePublished\":\"2026-03-08T18:40:59+00:00\",\"dateModified\":\"2026-03-09T22:35:04+00:00\",\"breadcrumb\":{\"@id\":\"https:\\\/\\\/enterthelagware.com\\\/music-sound-design-for-film-tv\\\/#breadcrumb\"},\"inLanguage\":\"en-US\",\"potentialAction\":[{\"@type\":\"ReadAction\",\"target\":[\"https:\\\/\\\/enterthelagware.com\\\/music-sound-design-for-film-tv\\\/\"]}]},{\"@type\":\"BreadcrumbList\",\"@id\":\"https:\\\/\\\/enterthelagware.com\\\/music-sound-design-for-film-tv\\\/#breadcrumb\",\"itemListElement\":[{\"@type\":\"ListItem\",\"position\":1,\"name\":\"Portada\",\"item\":\"https:\\\/\\\/enterthelagware.com\\\/\"},{\"@type\":\"ListItem\",\"position\":2,\"name\":\"Music &amp; Sound Design for Film &amp; TV Projects\"}]},{\"@type\":\"WebSite\",\"@id\":\"https:\\\/\\\/enterthelagware.com\\\/#website\",\"url\":\"https:\\\/\\\/enterthelagware.com\\\/\",\"name\":\"Enter The Lagware\",\"description\":\"\",\"publisher\":{\"@id\":\"https:\\\/\\\/enterthelagware.com\\\/#organization\"},\"potentialAction\":[{\"@type\":\"SearchAction\",\"target\":{\"@type\":\"EntryPoint\",\"urlTemplate\":\"https:\\\/\\\/enterthelagware.com\\\/?s={search_term_string}\"},\"query-input\":{\"@type\":\"PropertyValueSpecification\",\"valueRequired\":true,\"valueName\":\"search_term_string\"}}],\"inLanguage\":\"en-US\"},{\"@type\":\"Organization\",\"@id\":\"https:\\\/\\\/enterthelagware.com\\\/#organization\",\"name\":\"Enter The Lagware\",\"url\":\"https:\\\/\\\/enterthelagware.com\\\/\",\"logo\":{\"@type\":\"ImageObject\",\"inLanguage\":\"en-US\",\"@id\":\"https:\\\/\\\/enterthelagware.com\\\/#\\\/schema\\\/logo\\\/image\\\/\",\"url\":\"https:\\\/\\\/enterthelagware.com\\\/wp-content\\\/uploads\\\/2025\\\/07\\\/etlw-logo-bkf.png\",\"contentUrl\":\"https:\\\/\\\/enterthelagware.com\\\/wp-content\\\/uploads\\\/2025\\\/07\\\/etlw-logo-bkf.png\",\"width\":1000,\"height\":293,\"caption\":\"Enter The Lagware\"},\"image\":{\"@id\":\"https:\\\/\\\/enterthelagware.com\\\/#\\\/schema\\\/logo\\\/image\\\/\"}}]}<\/script>\n<!-- \/ Yoast SEO plugin. -->","yoast_head_json":{"title":"Music &amp; Sound Design for Film &amp; TV Projects - Enter The Lagware","robots":{"index":"noindex","follow":"nofollow"},"og_locale":"en_US","og_type":"article","og_title":"Music &amp; Sound Design for Film &amp; TV Projects - Enter The Lagware","og_description":"M\u00fasica y Dise\u00f1o de Sonido para Cine y TV Black Suspense (Spec. Project) Music &amp; SFX by Josal Fern\u00e1ndez A trav\u00e9s de una composici\u00f3n de suspense que evoluciona desde texturas ambientales inquietantes durante el descubrimiento de pruebas, hasta un dise\u00f1o de sonido agresivo y r\u00edtmico en la persecuci\u00f3n, el audio se convierte en la principal [&hellip;]","og_url":"https:\/\/enterthelagware.com\/en\/music-sound-design-for-film-tv\/","og_site_name":"Enter The Lagware","article_modified_time":"2026-03-09T22:35:04+00:00","twitter_card":"summary_large_image","twitter_misc":{"Est. reading time":"1 minute"},"schema":{"@context":"https:\/\/schema.org","@graph":[{"@type":"WebPage","@id":"https:\/\/enterthelagware.com\/music-sound-design-for-film-tv\/","url":"https:\/\/enterthelagware.com\/music-sound-design-for-film-tv\/","name":"Music &amp; Sound Design for Film &amp; TV Projects - Enter The Lagware","isPartOf":{"@id":"https:\/\/enterthelagware.com\/#website"},"datePublished":"2026-03-08T18:40:59+00:00","dateModified":"2026-03-09T22:35:04+00:00","breadcrumb":{"@id":"https:\/\/enterthelagware.com\/music-sound-design-for-film-tv\/#breadcrumb"},"inLanguage":"en-US","potentialAction":[{"@type":"ReadAction","target":["https:\/\/enterthelagware.com\/music-sound-design-for-film-tv\/"]}]},{"@type":"BreadcrumbList","@id":"https:\/\/enterthelagware.com\/music-sound-design-for-film-tv\/#breadcrumb","itemListElement":[{"@type":"ListItem","position":1,"name":"Portada","item":"https:\/\/enterthelagware.com\/"},{"@type":"ListItem","position":2,"name":"Music &amp; Sound Design for Film &amp; TV Projects"}]},{"@type":"WebSite","@id":"https:\/\/enterthelagware.com\/#website","url":"https:\/\/enterthelagware.com\/","name":"Enter The Lagware","description":"","publisher":{"@id":"https:\/\/enterthelagware.com\/#organization"},"potentialAction":[{"@type":"SearchAction","target":{"@type":"EntryPoint","urlTemplate":"https:\/\/enterthelagware.com\/?s={search_term_string}"},"query-input":{"@type":"PropertyValueSpecification","valueRequired":true,"valueName":"search_term_string"}}],"inLanguage":"en-US"},{"@type":"Organization","@id":"https:\/\/enterthelagware.com\/#organization","name":"Enter The Lagware","url":"https:\/\/enterthelagware.com\/","logo":{"@type":"ImageObject","inLanguage":"en-US","@id":"https:\/\/enterthelagware.com\/#\/schema\/logo\/image\/","url":"https:\/\/enterthelagware.com\/wp-content\/uploads\/2025\/07\/etlw-logo-bkf.png","contentUrl":"https:\/\/enterthelagware.com\/wp-content\/uploads\/2025\/07\/etlw-logo-bkf.png","width":1000,"height":293,"caption":"Enter The Lagware"},"image":{"@id":"https:\/\/enterthelagware.com\/#\/schema\/logo\/image\/"}}]}},"_links":{"self":[{"href":"https:\/\/enterthelagware.com\/en\/wp-json\/wp\/v2\/pages\/993","targetHints":{"allow":["GET"]}}],"collection":[{"href":"https:\/\/enterthelagware.com\/en\/wp-json\/wp\/v2\/pages"}],"about":[{"href":"https:\/\/enterthelagware.com\/en\/wp-json\/wp\/v2\/types\/page"}],"author":[{"embeddable":true,"href":"https:\/\/enterthelagware.com\/en\/wp-json\/wp\/v2\/users\/1"}],"replies":[{"embeddable":true,"href":"https:\/\/enterthelagware.com\/en\/wp-json\/wp\/v2\/comments?post=993"}],"version-history":[{"count":25,"href":"https:\/\/enterthelagware.com\/en\/wp-json\/wp\/v2\/pages\/993\/revisions"}],"predecessor-version":[{"id":1207,"href":"https:\/\/enterthelagware.com\/en\/wp-json\/wp\/v2\/pages\/993\/revisions\/1207"}],"wp:attachment":[{"href":"https:\/\/enterthelagware.com\/en\/wp-json\/wp\/v2\/media?parent=993"}],"curies":[{"name":"wp","href":"https:\/\/api.w.org\/{rel}","templated":true}]}}